{"id":15717,"date":"2023-12-13T12:28:22","date_gmt":"2023-12-13T12:28:22","guid":{"rendered":"https:\/\/europecodingschool.com\/catdirilma-v%c9%99-iade\/"},"modified":"2025-10-24T21:07:10","modified_gmt":"2025-10-24T21:07:10","slug":"catdirilma-v%c9%99-iade","status":"publish","type":"page","link":"https:\/\/europecodingschool.com\/az\/catdirilma-v%c9%99-iade\/","title":{"rendered":"\u00c7atd\u0131r\u0131lma v\u0259 \u0130ade"},"content":{"rendered":"\t\t<div data-elementor-type=\"wp-page\" data-elementor-id=\"15717\" class=\"elementor elementor-15717 elementor-14004\" data-elementor-post-type=\"page\">\n\t\t\t\t<div class=\"elementor-element elementor-element-9b956b1 e-flex e-con-boxed e-con e-parent\" data-id=\"9b956b1\" data-element_type=\"container\" data-e-type=\"container\">\n\t\t\t\t\t<div class=\"e-con-inner\">\n\t\t\t\t<div class=\"elementor-element elementor-element-afe6d46 elementor-widget elementor-widget-text-editor\" data-id=\"afe6d46\" data-element_type=\"widget\" data-e-type=\"widget\" data-widget_type=\"text-editor.default\">\n\t\t\t\t<div class=\"elementor-widget-container\">\n\t\t\t\t\t\t\t\t\t<p><strong>\u0130mtina H\u00fcququ<\/strong><\/p><p>Veb sayt\u0131m\u0131z vasit\u0259sil\u0259 elektron m\u00fchitd\u0259 xidm\u0259t ald\u0131\u011f\u0131n\u0131z t\u0259qdird\u0259, siz\u0259 t\u0259qdim edil\u0259n ilkin m\u0259lumatland\u0131rma formas\u0131n\u0131 v\u0259 m\u0259saf\u0259li sat\u0131\u015f m\u00fcqavil\u0259sini t\u0259sdiql\u0259mi\u015f hesab olunursunuz. \u0130mtina m\u00fcdd\u0259ti m\u00fcqavil\u0259nin t\u0259sdiql\u0259ndiyi andan ba\u015flay\u0131r v\u0259 14 g\u00fcnd\u00fcr. Bu m\u00fcdd\u0259t \u0259rzind\u0259 he\u00e7 bir h\u00fcquqi v\u0259 c\u0259zai m\u0259suliyy\u0259t da\u015f\u0131madan v\u0259 he\u00e7 bir s\u0259b\u0259b g\u00f6st\u0259rm\u0259d\u0259n m\u00fcqavil\u0259d\u0259n imtina etm\u0259k h\u00fcququnuz var. \u0130mtina b\u0259yannam\u0259sinin biz\u0259 \u00e7atd\u0131r\u0131ld\u0131\u011f\u0131n\u0131 s\u00fcbut etm\u0259k \u00f6hd\u0259liyi siz\u0259 aiddir. Bu m\u00fcdd\u0259t bitdikd\u0259n sonra edil\u0259c\u0259k m\u00fcqavil\u0259nin l\u0259\u011fvi t\u0259l\u0259bl\u0259ri m\u00fcqavil\u0259 \u015f\u0259rtl\u0259rin\u0259 \u0259sas\u0259n h\u0259ll edil\u0259c\u0259kdir.<\/p><p>Siz\u0259 t\u0259qdim edil\u0259c\u0259k xidm\u0259t &#8220;T\u0259hsil Xidm\u0259ti&#8221; oldu\u011fu \u00fc\u00e7\u00fcn t\u0259sdiql\u0259y\u0259c\u0259yiniz m\u00fcqavil\u0259, M\u0259saf\u0259li M\u00fcqavil\u0259l\u0259r Qaydalar\u0131n\u0131n &#8220;\u0130mtina H\u00fcququnun \u0130stisnalar\u0131&#8221; alt ba\u015fl\u0131ql\u0131 15. madd\u0259sind\u0259 t\u0259nziml\u0259n\u0259n, &#8220;Elektron m\u00fchitd\u0259 d\u0259rhal icra edil\u0259n xidm\u0259tl\u0259r v\u0259 ya istehlak\u00e7\u0131ya d\u0259rhal t\u0259hvil veril\u0259n qeyri-maddi mallara aid m\u00fcqavil\u0259l\u0259r. h) \u0130mtina h\u00fcququ m\u00fcdd\u0259ti bitm\u0259zd\u0259n \u0259vv\u0259l, istehlak\u00e7\u0131n\u0131n raz\u0131l\u0131\u011f\u0131 il\u0259 icras\u0131na ba\u015flan\u0131lan xidm\u0259tl\u0259r\u0259 aid&#8221; m\u00fcqavil\u0259l\u0259rd\u0259ndir v\u0259 imtina h\u00fcququnun istisnas\u0131 \u00e7\u0259r\u00e7iv\u0259sind\u0259dir.<\/p><p>Bu s\u0259b\u0259bd\u0259n 14 g\u00fcnl\u00fck imtina m\u00fcdd\u0259ti \u0259rzind\u0259 xidm\u0259tin g\u00f6st\u0259rilm\u0259y\u0259 ba\u015flanmas\u0131 hal\u0131nda, imtina h\u00fcququnuzu \u0259n gec xidm\u0259tin ba\u015flad\u0131\u011f\u0131 g\u00fcnd\u0259n bir g\u00fcn \u0259vv\u0259l bildirmi\u015f olmal\u0131s\u0131n\u0131z. \u018fks t\u0259qdird\u0259 m\u00fcqavil\u0259nin l\u0259\u011fvin\u0259 dair t\u0259l\u0259bl\u0259riniz m\u00fcqavil\u0259d\u0259 yaz\u0131lm\u0131\u015f l\u0259\u011fvetm\u0259 \u015f\u0259rtl\u0259rin\u0259 \u0259sas\u0259n h\u0259ll edil\u0259c\u0259kdir.<\/p><p><strong>L\u0259\u011fv v\u0259 \u0130ade Prosesi<\/strong><\/p><ul><li>\u0130ad\u0259 v\u0259 l\u0259\u011fv t\u0259l\u0259bl\u0259rinizi 0212 934 10 84 n\u00f6mr\u0259li \u018flaq\u0259 M\u0259rk\u0259zimiz\u0259 v\u0259 ya hello@europecodingschool.com \u00fcnvan\u0131na g\u00f6nd\u0259r\u0259 bil\u0259rsiniz.<\/li><\/ul><ul><li>T\u0259l\u0259bl\u0259riniz \u0130mtina H\u00fcququnda g\u00f6st\u0259ril\u0259n \u015f\u0259rtl\u0259r \u0259sas\u0131nda qiym\u0259tl\u0259ndiril\u0259c\u0259kdir.<\/li><li>\u0130ad\u0259 v\u0259 l\u0259\u011fv t\u0259l\u0259bl\u0259rinizi m\u0259saf\u0259li sat\u0131\u015f m\u00fcqavil\u0259sini t\u0259sdiql\u0259m\u0259yinizd\u0259n etibar\u0259n 14 g\u00fcn \u0259rzind\u0259 g\u00f6nd\u0259rm\u0259lisiniz.<\/li><li>\u018fg\u0259r m\u0259saf\u0259li sat\u0131\u015f m\u00fcqavil\u0259sini t\u0259sdiql\u0259m\u0259yinizd\u0259n etibar\u0259n 14 g\u00fcn \u0259rzind\u0259 xidm\u0259t alma\u011fa ba\u015flam\u0131s\u0131n\u0131zsa, iad\u0259 v\u0259 l\u0259\u011fv t\u0259l\u0259binizi xidm\u0259tin ba\u015flanmas\u0131ndan \u0259n az\u0131 1 g\u00fcn \u0259vv\u0259l g\u00f6nd\u0259rmi\u015f olmal\u0131s\u0131n\u0131z.<\/li><li>\u0130mtina H\u00fcququnda g\u00f6st\u0259ril\u0259n \u015f\u0259rtl\u0259r\u0259 uy\u011fun olmayan t\u0259l\u0259bl\u0259rd\u0259 iad\u0259 v\u0259 l\u0259\u011fv edilmir.<\/li><li>\u0130mtina H\u00fcququnda g\u00f6st\u0259ril\u0259n \u015f\u0259rtl\u0259r\u0259 uy\u011fun olan t\u0259l\u0259bl\u0259riniz m\u00fcvafiq \u015f\u00f6b\u0259miz t\u0259r\u0259find\u0259n qiym\u0259tl\u0259ndiril\u0259c\u0259k v\u0259 qiym\u0259tl\u0259ndirm\u0259 n\u0259tic\u0259si qeydiyyat zaman\u0131 payla\u015fd\u0131\u011f\u0131n\u0131z e-mail \u00fcnvan\u0131n\u0131za g\u00f6nd\u0259ril\u0259c\u0259kdir.<\/li><\/ul>\t\t\t\t\t\t\t\t<\/div>\n\t\t\t\t<\/div>\n\t\t\t\t\t<\/div>\n\t\t\t\t<\/div>\n\t\t\t\t<\/div>\n\t\t","protected":false},"excerpt":{"rendered":"<p>\u0130mtina H\u00fcququ Veb sayt\u0131m\u0131z vasit\u0259sil\u0259 elektron m\u00fchitd\u0259 xidm\u0259t ald\u0131\u011f\u0131n\u0131z t\u0259qdird\u0259, siz\u0259 t\u0259qdim edil\u0259n ilkin m\u0259lumatland\u0131rma formas\u0131n\u0131 v\u0259 m\u0259saf\u0259li sat\u0131\u015f m\u00fcqavil\u0259sini t\u0259sdiql\u0259mi\u015f hesab olunursunuz. \u0130mtina m\u00fcdd\u0259ti m\u00fcqavil\u0259nin t\u0259sdiql\u0259ndiyi andan ba\u015flay\u0131r v\u0259 14 g\u00fcnd\u00fcr. Bu m\u00fcdd\u0259t \u0259rzind\u0259 he\u00e7 bir h\u00fcquqi v\u0259 c\u0259zai&#8230;<\/p>\n","protected":false},"author":2,"featured_media":0,"parent":0,"menu_order":0,"comment_status":"closed","ping_status":"closed","template":"","meta":{"footnotes":""},"class_list":["post-15717","page","type-page","status-publish","hentry"],"_links":{"self":[{"href":"https:\/\/europecodingschool.com\/az\/wp-json\/wp\/v2\/pages\/15717","targetHints":{"allow":["GET"]}}],"collection":[{"href":"https:\/\/europecodingschool.com\/az\/wp-json\/wp\/v2\/pages"}],"about":[{"href":"https:\/\/europecodingschool.com\/az\/wp-json\/wp\/v2\/types\/page"}],"author":[{"embeddable":true,"href":"https:\/\/europecodingschool.com\/az\/wp-json\/wp\/v2\/users\/2"}],"replies":[{"embeddable":true,"href":"https:\/\/europecodingschool.com\/az\/wp-json\/wp\/v2\/comments?post=15717"}],"version-history":[{"count":1,"href":"https:\/\/europecodingschool.com\/az\/wp-json\/wp\/v2\/pages\/15717\/revisions"}],"predecessor-version":[{"id":15718,"href":"https:\/\/europecodingschool.com\/az\/wp-json\/wp\/v2\/pages\/15717\/revisions\/15718"}],"wp:attachment":[{"href":"https:\/\/europecodingschool.com\/az\/wp-json\/wp\/v2\/media?parent=15717"}],"curies":[{"name":"wp","href":"https:\/\/api.w.org\/{rel}","templated":true}]}}