{"id":15713,"date":"2023-12-19T12:55:58","date_gmt":"2023-12-19T12:55:58","guid":{"rendered":"https:\/\/europecodingschool.com\/elaq%c9%99-m%c9%99rk%c9%99zi\/"},"modified":"2025-10-24T21:06:56","modified_gmt":"2025-10-24T21:06:56","slug":"elaq%c9%99-m%c9%99rk%c9%99zi","status":"publish","type":"page","link":"https:\/\/europecodingschool.com\/az\/elaq%c9%99-m%c9%99rk%c9%99zi\/","title":{"rendered":"\u018flaq\u0259 M\u0259rk\u0259zi"},"content":{"rendered":"\t\t<div data-elementor-type=\"wp-page\" data-elementor-id=\"15713\" class=\"elementor elementor-15713 elementor-14155\" data-elementor-post-type=\"page\">\n\t\t\t\t\t\t<section class=\"elementor-section elementor-top-section elementor-element elementor-element-38edca5d elementor-section-stretched elementor-section-boxed elementor-section-height-default elementor-section-height-default\" data-id=\"38edca5d\" data-element_type=\"section\" data-e-type=\"section\" data-settings=\"{&quot;stretch_section&quot;:&quot;section-stretched&quot;,&quot;background_background&quot;:&quot;classic&quot;}\">\n\t\t\t\t\t\t<div class=\"elementor-container elementor-column-gap-default\">\n\t\t\t\t\t<div class=\"elementor-column elementor-col-100 elementor-top-column elementor-element elementor-element-22dd9435\" data-id=\"22dd9435\" data-element_type=\"column\" data-e-type=\"column\">\n\t\t\t<div class=\"elementor-widget-wrap elementor-element-populated\">\n\t\t\t\t\t\t<div class=\"elementor-element elementor-element-749ba9f7 elementor-widget elementor-widget-pix-badge\" data-id=\"749ba9f7\" data-element_type=\"widget\" data-e-type=\"widget\" data-widget_type=\"pix-badge.default\">\n\t\t\t\t<div class=\"elementor-widget-container\">\n\t\t\t\t\t<div class=\"pix-element-div w-100 text-center\"><span class=\"pix-badge-element h6 d-inline-flex mr-1 \"  ><span class=\"badge font-weight-bold badge-pill bg-gradient-primary-light  \" style=\" \"><span class=\"text-gradient-primary\" style=\"\">Biz\u0259 \u00c7at\u0131m<\/span><\/span><\/span><\/div>\t\t\t\t<\/div>\n\t\t\t\t<\/div>\n\t\t\t\t<div class=\"elementor-element elementor-element-5e5d0baa elementor-widget elementor-widget-pix-sliding-text\" data-id=\"5e5d0baa\" data-element_type=\"widget\" data-e-type=\"widget\" data-widget_type=\"pix-sliding-text.default\">\n\t\t\t\t<div class=\"elementor-widget-container\">\n\t\t\t\t\t<div id=\"sliding-text-59610541\" class=\"mb-3 text-center \"><div class=\"d-inline-block\" style=\"max-width:500px;\"><h3 class=\"mb-32 pix-sliding-headline-2 animate-in font-weight-bold secondary-font \" data-anim-type=\"pix-sliding-text\" pix-anim-delay=\"500\" data-class=\"secondary-font text-heading-default\" style=\"\"><span class=\"slide-in-container \"><span class=\"pix-sliding-item secondary-font text-heading-default\" style=\"transition-delay: 0ms;\">Biziml\u0259&#32;<\/span><\/span> <span class=\"slide-in-container \"><span class=\"pix-sliding-item secondary-font text-heading-default\" style=\"transition-delay: 50ms;\">\u018flaq\u0259&#32;<\/span><\/span> <span class=\"slide-in-container \"><span class=\"pix-sliding-item secondary-font text-heading-default\" style=\"transition-delay: 100ms;\">Saxlamaq&#32;<\/span><\/span> <span class=\"slide-in-container \"><span class=\"pix-sliding-item secondary-font text-heading-default\" style=\"transition-delay: 150ms;\">\u0130st\u0259yirsiniz?&#32;<\/span><\/span> <\/h3><\/div><\/div>\t\t\t\t<\/div>\n\t\t\t\t<\/div>\n\t\t\t\t<div class=\"elementor-element elementor-element-5858ac75 elementor-invisible elementor-widget elementor-widget-pix-text\" data-id=\"5858ac75\" data-element_type=\"widget\" data-e-type=\"widget\" data-widget_type=\"pix-text.default\">\n\t\t\t\t<div class=\"elementor-widget-container\">\n\t\t\t\t\t<div class=\"pix-el-text w-100 text-center \" ><div class=\"d-inline-block\" style=\"max-width:600px;\"><p class=\"text-18 resp-option text-body-default text-center \" ><span class=\"text-body-default animate-in d-inline-block\" data-anim-delay=\"600\" data-anim-type=\"fade-in-up\">Daha \u0259trafl\u0131 m\u0259lumat almaq \u00fc\u00e7\u00fcn siz\u0259 \u0259n uy\u011fun \u0259laq\u0259 \u00fcsulunu se\u00e7\u0259 bil\u0259rsiniz. <\/span><\/p><\/div><\/div>\t\t\t\t<\/div>\n\t\t\t\t<\/div>\n\t\t\t\t\t<\/div>\n\t\t<\/div>\n\t\t\t\t\t<\/div>\n\t\t<\/section>\n\t\t\t\t<section class=\"elementor-section elementor-top-section elementor-element elementor-element-32219b2a elementor-section-stretched elementor-section-boxed elementor-section-height-default elementor-section-height-default\" data-id=\"32219b2a\" data-element_type=\"section\" data-e-type=\"section\" data-settings=\"{&quot;stretch_section&quot;:&quot;section-stretched&quot;,&quot;background_background&quot;:&quot;classic&quot;}\">\n\t\t\t\t\t\t<div class=\"elementor-container elementor-column-gap-default\">\n\t\t\t\t\t<div class=\"elementor-column elementor-col-33 elementor-top-column elementor-element elementor-element-737d1112\" data-id=\"737d1112\" data-element_type=\"column\" data-e-type=\"column\">\n\t\t\t<div class=\"elementor-widget-wrap elementor-element-populated\">\n\t\t\t\t\t\t<div class=\"elementor-element elementor-element-7dfc17a1 elementor-invisible elementor-widget elementor-widget-pix-3d-box\" data-id=\"7dfc17a1\" data-element_type=\"widget\" data-e-type=\"widget\" data-widget_type=\"pix-3d-box.default\">\n\t\t\t\t<div class=\"elementor-widget-container\">\n\t\t\t\t\t<div class=\" mb-3 mb-md-0 animate-in\" data-anim-type=\"fade-in-up\" data-anim-delay=\"0\"><div class=\"card w-100 h-100 bg-gradient-primary  pix-pt-120 pix-hover-item rounded-xl position-relative overflow-hidden2 text-white tilt fancy_card\" ><img decoding=\"async\" src=\"https:\/\/europecodingschool.com\/wp-content\/plugins\/pixfort-core\/functions\/images\/loading.webp\" data-srcset=\"\" data-src=\"https:\/\/europecodingschool.com\/wp-content\/uploads\/2023\/12\/startup-image-5.jpg\" class=\"pix-lazy card-img pix-bg-image rounded-xl h-100 pix-opacity-2 pix-hover-opacity-6\" loading=\"lazy\" alt=\"\" title=\"\"><div class=\"card-img-overlay overflow-visible d-inline-block w-100 pix-img-overlay pix-p-30 d-flex align-items-end text-left\"><div class=\"w-100 \"><h4 class=\"card-title  text-white font-weight-bold mb-0 animate-in\" style=\"\">M\u00fcraci\u0259t Et<\/h4><p class=\"card-text pix-pt-10 text-light-opacity-9 \" style=\"\">Karyera m\u0259sl\u0259h\u0259t\u00e7il\u0259rimiz proqramlar\u0131m\u0131z haqq\u0131nda m\u0259lumat verm\u0259k \u00fc\u00e7\u00fcn sizi aras\u0131nlar.<\/p><div class=\"card-btn-div mt-4 d-inline-block w-100\"><a href=\"https:\/\/europecodingschool.typeform.com\/basvuru\" class=\"btn m-0     text-heading-default btn-white d-inline-block pix-hover-item       btn-md\" rel=\"nofollow noopener\" target=\"_blank\"><span class=\"font-weight-bold \" >Ba\u015fvuru Yap<\/span> <i class=\"font-weight-bold pixicon-handshake  pix-hover-right  ml-1\"><\/i><\/a><\/div><\/div><\/div><\/div><\/div>\t\t\t\t<\/div>\n\t\t\t\t<\/div>\n\t\t\t\t\t<\/div>\n\t\t<\/div>\n\t\t\t\t<div class=\"elementor-column elementor-col-33 elementor-top-column elementor-element elementor-element-3674a7f6\" data-id=\"3674a7f6\" data-element_type=\"column\" data-e-type=\"column\">\n\t\t\t<div class=\"elementor-widget-wrap elementor-element-populated\">\n\t\t\t\t\t\t<div class=\"elementor-element elementor-element-2ad99464 elementor-invisible elementor-widget elementor-widget-pix-3d-box\" data-id=\"2ad99464\" data-element_type=\"widget\" data-e-type=\"widget\" data-widget_type=\"pix-3d-box.default\">\n\t\t\t\t<div class=\"elementor-widget-container\">\n\t\t\t\t\t<div class=\" mb-3 mb-md-0 animate-in\" data-anim-type=\"fade-in-up\" data-anim-delay=\"0\"><div class=\"card w-100 h-100 bg-gradient-primary  pix-pt-120 pix-hover-item rounded-xl position-relative overflow-hidden2 text-white tilt fancy_card\" ><img decoding=\"async\" src=\"https:\/\/europecodingschool.com\/wp-content\/plugins\/pixfort-core\/functions\/images\/loading.webp\" data-srcset=\"\" data-src=\"https:\/\/europecodingschool.com\/wp-content\/uploads\/2023\/12\/individuals-promo-1.jpg\" class=\"pix-lazy card-img pix-bg-image rounded-xl h-100 pix-opacity-2 pix-hover-opacity-6\" loading=\"lazy\" alt=\"\" title=\"\"><div class=\"card-img-overlay overflow-visible d-inline-block w-100 pix-img-overlay pix-p-30 d-flex align-items-end text-left\"><div class=\"w-100 \"><h4 class=\"card-title  text-white font-weight-bold mb-0 animate-in\" style=\"\">G\u00f6r\u00fc\u015f T\u0259yin Et<\/h4><p class=\"card-text pix-pt-10 text-light-opacity-9 \" style=\"\">Karyera m\u0259sl\u0259h\u0259t\u00e7il\u0259rimiz il\u0259 g\u00f6r\u00fc\u015fm\u0259k \u00fc\u00e7\u00fcn g\u00f6r\u00fc\u015f t\u0259yin ed\u0259 bil\u0259rsiniz.<\/p><div class=\"card-btn-div mt-4 d-inline-block w-100\"><a href=\"https:\/\/calendly.com\/europecodingschool\/europe-coding-school-tanisma\" class=\"btn m-0     text-heading-default btn-white d-inline-block pix-hover-item       btn-md\" rel=\"nofollow noopener\" target=\"_blank\"><span class=\"font-weight-bold \" >Randevu Olu\u015ftur<\/span> <i class=\"font-weight-bold pixicon-calendar  pix-hover-right  ml-1\"><\/i><\/a><\/div><\/div><\/div><\/div><\/div>\t\t\t\t<\/div>\n\t\t\t\t<\/div>\n\t\t\t\t\t<\/div>\n\t\t<\/div>\n\t\t\t\t<div class=\"elementor-column elementor-col-33 elementor-top-column elementor-element elementor-element-45f2e42f\" data-id=\"45f2e42f\" data-element_type=\"column\" data-e-type=\"column\">\n\t\t\t<div class=\"elementor-widget-wrap elementor-element-populated\">\n\t\t\t\t\t\t<div class=\"elementor-element elementor-element-109fe50b elementor-invisible elementor-widget elementor-widget-pix-3d-box\" data-id=\"109fe50b\" data-element_type=\"widget\" data-e-type=\"widget\" data-widget_type=\"pix-3d-box.default\">\n\t\t\t\t<div class=\"elementor-widget-container\">\n\t\t\t\t\t<div class=\" mb-3 mb-md-0 animate-in\" data-anim-type=\"fade-in-up\" data-anim-delay=\"0\"><div class=\"card w-100 h-100 bg-gradient-primary  pix-pt-120 pix-hover-item rounded-xl position-relative overflow-hidden2 text-white tilt fancy_card\" ><img decoding=\"async\" src=\"https:\/\/europecodingschool.com\/wp-content\/plugins\/pixfort-core\/functions\/images\/loading.webp\" data-srcset=\"\" data-src=\"https:\/\/europecodingschool.com\/wp-content\/uploads\/2023\/12\/onlinelearning.jpg\" class=\"pix-lazy card-img pix-bg-image rounded-xl h-100 pix-opacity-2 pix-hover-opacity-6\" loading=\"lazy\" alt=\"\" title=\"\"><div class=\"card-img-overlay overflow-visible d-inline-block w-100 pix-img-overlay pix-p-30 d-flex align-items-end text-left\"><div class=\"w-100 \"><h4 class=\"card-title  text-white font-weight-bold mb-0 animate-in\" style=\"\">Canl\u0131 D\u0259st\u0259k <\/h4><p class=\"card-text pix-pt-10 text-light-opacity-9 text-18\" style=\"\">Canl\u0131 d\u0259st\u0259k x\u0259ttimiz\u0259 qo\u015fularaq d\u0259rhal m\u0259lumat ala bil\u0259rsiniz. <\/p><div class=\"card-btn-div mt-4 d-inline-block w-100\"><a href=\"https:\/\/api.whatsapp.com\/send\/?phone=905540205379&amp;text=Merhaba+Europe+Coding+School+kariyer+programlar%C4%B1+ve+yurt+d%C4%B1%C5%9F%C4%B1+staj+imkanlar%C4%B1+hakk%C4%B1nda+bilgi+almak+istiyorum&amp;type=phone_number&amp;app_absent=0\" class=\"btn m-0     text-heading-default btn-white d-inline-block pix-hover-item       btn-md\" rel=\"nofollow noopener\" target=\"_blank\"><span class=\"font-weight-bold \" >Whatsapp Canl\u0131 Destek<\/span> <i class=\"font-weight-bold pixicon-whatsapp2  pix-hover-right  ml-1\"><\/i><\/a><\/div><\/div><\/div><\/div><\/div>\t\t\t\t<\/div>\n\t\t\t\t<\/div>\n\t\t\t\t\t<\/div>\n\t\t<\/div>\n\t\t\t\t\t<\/div>\n\t\t<\/section>\n\t\t\t\t<section data-pix-dividers=\"&lt;div class=&quot;pix-divider  position-relative pix-bottom-divider&quot; data-style=&quot;style-24&quot; &gt;&lt;svg xmlns=&quot;http:\/\/www.w3.org\/2000\/svg&quot; width=&quot;100%&quot;  viewBox=&quot;0 0 300 130&quot; preserveAspectRatio=&quot;none&quot;&gt;&lt;g fill=&quot;#FF8C6114&quot;  &gt;&lt;polygon points=&quot;205.6875 18.8837729 300 3.92225477e-14 300 49.83 205.6875 68.67&quot;&gt;&lt;\/polygon&gt;&lt;path d=&quot;M43.5002561,84.4287699 L43.5002561,67.6974063 L0,76.0518732 L0,93.1053435 L43.5002561,84.4287699 Z M43.1248125,68.1469741 L43.1248125,84.5056196 L0,93.1036023 L0,76.426513 L43.1248125,68.1469741 Z&quot;&gt;&lt;\/path&gt;&lt;\/g&gt;&lt;g fill=&quot;#ffffff&quot;  &gt;&lt;polygon points=&quot;0 109.769452 300 49.8270893 300 130 0 130&quot;&gt;&lt;\/polygon&gt;&lt;\/g&gt;&lt;g fill=&quot;#D6D6D633&quot; transform=&quot;translate(0.0, 49.83)&quot;&gt;&lt;polygon points=&quot;87.319394 25.82088 87.375 42.5187032 71.812 45.62088 71.8127561 62.3221129 0 77.0678507 0 76.6446398 71.4373125 62.0149568 71.437 45.69588 0 59.9394524 0 43.2679827&quot;&gt;&lt;\/polygon&gt;&lt;polygon points=&quot;256.3125 8.72 300 2.1931479e-17 300 16.5748991 256.3125 25.2852738&quot;&gt;&lt;\/polygon&gt;&lt;\/g&gt;&lt;defs&gt;&lt;\/defs&gt;&lt;\/svg&gt;&lt;\/div&gt;\" class=\"elementor-section elementor-top-section elementor-element elementor-element-39095c26 elementor-section-stretched elementor-section-boxed elementor-section-height-default elementor-section-height-default\" data-id=\"39095c26\" data-element_type=\"section\" data-e-type=\"section\" data-settings=\"{&quot;stretch_section&quot;:&quot;section-stretched&quot;,&quot;background_background&quot;:&quot;classic&quot;}\">\n\t\t\t\t\t\t<div class=\"elementor-container elementor-column-gap-default\">\n\t\t\t\t\t<div class=\"elementor-column elementor-col-50 elementor-top-column elementor-element elementor-element-4cc9692c\" data-id=\"4cc9692c\" data-element_type=\"column\" data-e-type=\"column\">\n\t\t\t<div class=\"elementor-widget-wrap elementor-element-populated\">\n\t\t\t\t\t\t<div class=\"elementor-element elementor-element-7ebff1a2 elementor-invisible elementor-widget elementor-widget-pix-badge\" data-id=\"7ebff1a2\" data-element_type=\"widget\" data-e-type=\"widget\" data-widget_type=\"pix-badge.default\">\n\t\t\t\t<div class=\"elementor-widget-container\">\n\t\t\t\t\t<span class=\"pix-badge-element h6 d-inline-flex mr-1 animate-in\" data-anim-type=\"fade-in-up\" data-anim-delay=\"300\"><span class=\"badge font-weight-bold secondary-font badge-pill bg-secondary  \" style=\" \"><span class=\"text-white\" style=\"\">Europe Coding School<\/span><\/span><\/span>\t\t\t\t<\/div>\n\t\t\t\t<\/div>\n\t\t\t\t<div class=\"elementor-element elementor-element-6e6adb5a elementor-invisible elementor-widget elementor-widget-pix-heading\" data-id=\"6e6adb5a\" data-element_type=\"widget\" data-e-type=\"widget\" data-widget_type=\"pix-heading.default\">\n\t\t\t\t<div class=\"elementor-widget-container\">\n\t\t\t\t\t<div  class=\"pix-heading-el text-left \"><div><div class=\"slide-in-container2\"><h2 class=\"font-weight-bold animate-in heading-text el-title_custom_color mb-12\" style=\"\" data-anim-type=\"fade-in-up\" data-anim-delay=\"200\">\u018flaq\u0259 Saxlaya Bil\u0259c\u0259yiniz Departamentl\u0259r<\/h2><\/div><\/div><\/div>\t\t\t\t<\/div>\n\t\t\t\t<\/div>\n\t\t\t\t\t<\/div>\n\t\t<\/div>\n\t\t\t\t<div class=\"elementor-column elementor-col-50 elementor-top-column elementor-element elementor-element-15fc454e\" data-id=\"15fc454e\" data-element_type=\"column\" data-e-type=\"column\">\n\t\t\t<div class=\"elementor-widget-wrap elementor-element-populated\">\n\t\t\t\t\t\t<section class=\"elementor-section elementor-inner-section elementor-element elementor-element-4da21cae bg-white shadow-sm shadow-hover-sm fly-sm rounded-10 elementor-section-boxed elementor-section-height-default elementor-section-height-default\" data-id=\"4da21cae\" data-element_type=\"section\" data-e-type=\"section\">\n\t\t\t\t\t\t<div class=\"elementor-container elementor-column-gap-default\">\n\t\t\t\t\t<div class=\"elementor-column elementor-col-100 elementor-inner-column elementor-element elementor-element-61247507\" data-id=\"61247507\" data-element_type=\"column\" data-e-type=\"column\">\n\t\t\t<div class=\"elementor-widget-wrap elementor-element-populated\">\n\t\t\t\t\t\t<div class=\"elementor-element elementor-element-65596522 elementor-invisible elementor-widget elementor-widget-pix-feature\" data-id=\"65596522\" data-element_type=\"widget\" data-e-type=\"widget\" data-widget_type=\"pix-feature.default\">\n\t\t\t\t<div class=\"elementor-widget-container\">\n\t\t\t\t\t<div id=\"duo-icon-197691218\" class=\"pix-feature-el  media \"><div class=\"feature_img  mr-3 animate-in\" data-anim-type=\"fade-in-up\" data-anim-delay=\"600\" style=\"width:90px;height:auto;display:inline-block;position:relative;\"><img decoding=\"async\" style=\"width:90px;height:90px;\" class=\"img-fluid2 pix-fit-cover rounded-circle\" src=\"https:\/\/europecodingschool.com\/wp-content\/uploads\/2023\/12\/features-1.webp\" alt=\"T\u0259l\u0259b\u0259 Koordinatorlu\u011fu\" title=\"\"><\/div><div class=\"media-body text-custom\"><h5 class=\"font-weight-bold   text-heading-default animate-in \" style=\"\" data-anim-type=\"fade-in-up\" data-anim-delay=\"700\">T\u0259l\u0259b\u0259 Koordinatorlu\u011fu<\/h5><div class=\"text-body-default text-18     animate-in\" style=\"padding-top:5px;\" data-anim-type=\"fade-in-up\" data-anim-delay=\"800\">student@europecodingschool.com<\/div><\/div><\/div>\t\t\t\t<\/div>\n\t\t\t\t<\/div>\n\t\t\t\t\t<\/div>\n\t\t<\/div>\n\t\t\t\t\t<\/div>\n\t\t<\/section>\n\t\t\t\t<section class=\"animate-in elementor-section elementor-inner-section elementor-element elementor-element-2e7c5fba bg-white shadow-sm shadow-hover-sm fly-sm rounded-10 elementor-section-boxed elementor-section-height-default elementor-section-height-default\" data-anim-type=\"pix-3d-down-in\" data-anim-delay=\"300\" data-id=\"2e7c5fba\" data-element_type=\"section\" data-e-type=\"section\">\n\t\t\t\t\t\t<div class=\"elementor-container elementor-column-gap-default\">\n\t\t\t\t\t<div class=\"elementor-column elementor-col-100 elementor-inner-column elementor-element elementor-element-7981cd77\" data-id=\"7981cd77\" data-element_type=\"column\" data-e-type=\"column\">\n\t\t\t<div class=\"elementor-widget-wrap elementor-element-populated\">\n\t\t\t\t\t\t<div class=\"elementor-element elementor-element-726652ba elementor-invisible elementor-widget elementor-widget-pix-feature\" data-id=\"726652ba\" data-element_type=\"widget\" data-e-type=\"widget\" data-widget_type=\"pix-feature.default\">\n\t\t\t\t<div class=\"elementor-widget-container\">\n\t\t\t\t\t<div id=\"duo-icon-89103038\" class=\"pix-feature-el  media \"><div class=\"feature_img  mr-3 animate-in\" data-anim-type=\"fade-in-up\" data-anim-delay=\"600\" style=\"width:90px;height:auto;display:inline-block;position:relative;\"><img decoding=\"async\" style=\"width:90px;height:90px;\" class=\"img-fluid2 pix-fit-cover rounded-circle\" src=\"https:\/\/europecodingschool.com\/wp-content\/uploads\/2023\/12\/features-2.webp\" alt=\"Beyn\u0259lxalq T\u0259l\u0259b\u0259 M\u0259rk\u0259zi\" title=\"\"><\/div><div class=\"media-body text-custom\"><h5 class=\"font-weight-bold   text-heading-default animate-in \" style=\"\" data-anim-type=\"fade-in-up\" data-anim-delay=\"700\">Beyn\u0259lxalq T\u0259l\u0259b\u0259 M\u0259rk\u0259zi<\/h5><div class=\"text-body-default text-18     animate-in\" style=\"padding-top:5px;\" data-anim-type=\"fade-in-up\" data-anim-delay=\"800\">international@europecodingschool.com<\/div><\/div><\/div>\t\t\t\t<\/div>\n\t\t\t\t<\/div>\n\t\t\t\t\t<\/div>\n\t\t<\/div>\n\t\t\t\t\t<\/div>\n\t\t<\/section>\n\t\t\t\t<section class=\"animate-in elementor-section elementor-inner-section elementor-element elementor-element-757dedd2 bg-white shadow-sm shadow-hover-sm fly-sm rounded-10 elementor-section-boxed elementor-section-height-default elementor-section-height-default\" data-anim-type=\"pix-3d-down-in\" data-anim-delay=\"600\" data-id=\"757dedd2\" data-element_type=\"section\" data-e-type=\"section\">\n\t\t\t\t\t\t<div class=\"elementor-container elementor-column-gap-default\">\n\t\t\t\t\t<div class=\"elementor-column elementor-col-100 elementor-inner-column elementor-element elementor-element-1dd6ba77\" data-id=\"1dd6ba77\" data-element_type=\"column\" data-e-type=\"column\">\n\t\t\t<div class=\"elementor-widget-wrap elementor-element-populated\">\n\t\t\t\t\t\t<div class=\"elementor-element elementor-element-2b6efdb7 elementor-invisible elementor-widget elementor-widget-pix-feature\" data-id=\"2b6efdb7\" data-element_type=\"widget\" data-e-type=\"widget\" data-widget_type=\"pix-feature.default\">\n\t\t\t\t<div class=\"elementor-widget-container\">\n\t\t\t\t\t<div id=\"duo-icon-106964217\" class=\"pix-feature-el  media \"><div class=\"feature_img  mr-3 animate-in\" data-anim-type=\"fade-in-up\" data-anim-delay=\"600\" style=\"width:90px;height:auto;display:inline-block;position:relative;\"><img decoding=\"async\" style=\"width:90px;height:90px;\" class=\"img-fluid2 pix-fit-cover rounded-circle\" src=\"https:\/\/europecodingschool.com\/wp-content\/uploads\/2023\/12\/features-3.webp\" alt=\"M\u0259zun Koordinatorlu\u011fu\" title=\"\"><\/div><div class=\"media-body text-custom\"><h5 class=\"font-weight-bold   text-heading-default animate-in \" style=\"\" data-anim-type=\"fade-in-up\" data-anim-delay=\"700\">M\u0259zun Koordinatorlu\u011fu<\/h5><div class=\"text-body-default text-18     animate-in\" style=\"padding-top:5px;\" data-anim-type=\"fade-in-up\" data-anim-delay=\"800\">alumni@europecodingschool.com<\/div><\/div><\/div>\t\t\t\t<\/div>\n\t\t\t\t<\/div>\n\t\t\t\t\t<\/div>\n\t\t<\/div>\n\t\t\t\t\t<\/div>\n\t\t<\/section>\n\t\t\t\t\t<\/div>\n\t\t<\/div>\n\t\t\t\t\t<\/div>\n\t\t<\/section>\n\t\t\t\t<\/div>\n\t\t","protected":false},"excerpt":{"rendered":"<p>Biz\u0259 \u00c7at\u0131m Biziml\u0259&#32; \u018flaq\u0259&#32; Saxlamaq&#32; \u0130st\u0259yirsiniz?&#32; Daha \u0259trafl\u0131 m\u0259lumat almaq \u00fc\u00e7\u00fcn siz\u0259 \u0259n uy\u011fun \u0259laq\u0259 \u00fcsulunu se\u00e7\u0259 bil\u0259rsiniz. M\u00fcraci\u0259t Et Karyera m\u0259sl\u0259h\u0259t\u00e7il\u0259rimiz proqramlar\u0131m\u0131z haqq\u0131nda m\u0259lumat verm\u0259k \u00fc\u00e7\u00fcn sizi aras\u0131nlar. Ba\u015fvuru Yap G\u00f6r\u00fc\u015f T\u0259yin Et Karyera m\u0259sl\u0259h\u0259t\u00e7il\u0259rimiz il\u0259 g\u00f6r\u00fc\u015fm\u0259k \u00fc\u00e7\u00fcn g\u00f6r\u00fc\u015f&#8230;<\/p>\n","protected":false},"author":2,"featured_media":0,"parent":0,"menu_order":0,"comment_status":"closed","ping_status":"closed","template":"","meta":{"footnotes":""},"class_list":["post-15713","page","type-page","status-publish","hentry"],"_links":{"self":[{"href":"https:\/\/europecodingschool.com\/az\/wp-json\/wp\/v2\/pages\/15713","targetHints":{"allow":["GET"]}}],"collection":[{"href":"https:\/\/europecodingschool.com\/az\/wp-json\/wp\/v2\/pages"}],"about":[{"href":"https:\/\/europecodingschool.com\/az\/wp-json\/wp\/v2\/types\/page"}],"author":[{"embeddable":true,"href":"https:\/\/europecodingschool.com\/az\/wp-json\/wp\/v2\/users\/2"}],"replies":[{"embeddable":true,"href":"https:\/\/europecodingschool.com\/az\/wp-json\/wp\/v2\/comments?post=15713"}],"version-history":[{"count":1,"href":"https:\/\/europecodingschool.com\/az\/wp-json\/wp\/v2\/pages\/15713\/revisions"}],"predecessor-version":[{"id":15714,"href":"https:\/\/europecodingschool.com\/az\/wp-json\/wp\/v2\/pages\/15713\/revisions\/15714"}],"wp:attachment":[{"href":"https:\/\/europecodingschool.com\/az\/wp-json\/wp\/v2\/media?parent=15713"}],"curies":[{"name":"wp","href":"https:\/\/api.w.org\/{rel}","templated":true}]}}