{"id":15711,"date":"2023-12-13T12:23:04","date_gmt":"2023-12-13T12:23:04","guid":{"rendered":"https:\/\/europecodingschool.com\/elanlar\/"},"modified":"2025-10-24T21:06:55","modified_gmt":"2025-10-24T21:06:55","slug":"elanlar","status":"publish","type":"page","link":"https:\/\/europecodingschool.com\/az\/elanlar\/","title":{"rendered":"Elanlar"},"content":{"rendered":"\t\t<div data-elementor-type=\"wp-page\" data-elementor-id=\"15711\" class=\"elementor elementor-15711 elementor-13991\" data-elementor-post-type=\"page\">\n\t\t\t\t\t\t<section class=\"elementor-section elementor-top-section elementor-element elementor-element-287b0c93 elementor-section-boxed elementor-section-height-default elementor-section-height-default\" data-id=\"287b0c93\" data-element_type=\"section\" data-e-type=\"section\" data-settings=\"{&quot;background_background&quot;:&quot;classic&quot;}\">\n\t\t\t\t\t\t<div class=\"elementor-container elementor-column-gap-default\">\n\t\t\t\t\t<div class=\"elementor-column elementor-col-100 elementor-top-column elementor-element elementor-element-44272ca5\" data-id=\"44272ca5\" data-element_type=\"column\" data-e-type=\"column\">\n\t\t\t<div class=\"elementor-widget-wrap elementor-element-populated\">\n\t\t\t\t\t\t<div class=\"elementor-element elementor-element-3fa8a176 elementor-invisible elementor-widget elementor-widget-pix-blog\" data-id=\"3fa8a176\" data-element_type=\"widget\" data-e-type=\"widget\" data-widget_type=\"pix-blog.default\">\n\t\t\t\t<div class=\"elementor-widget-container\">\n\t\t\t\t\t<div class=\"row  \"><\/div>\n\t\t\t\t<\/div>\n\t\t\t\t<\/div>\n\t\t\t\t\t<\/div>\n\t\t<\/div>\n\t\t\t\t\t<\/div>\n\t\t<\/section>\n\t\t\t\t<section class=\"elementor-section elementor-top-section elementor-element elementor-element-612d5519 elementor-section-boxed elementor-section-height-default elementor-section-height-default\" data-id=\"612d5519\" data-element_type=\"section\" data-e-type=\"section\">\n\t\t\t\t\t\t<div class=\"elementor-container elementor-column-gap-default\">\n\t\t\t\t\t<div class=\"elementor-column elementor-col-50 elementor-top-column elementor-element elementor-element-48d571c2\" data-id=\"48d571c2\" data-element_type=\"column\" data-e-type=\"column\">\n\t\t\t<div class=\"elementor-widget-wrap elementor-element-populated\">\n\t\t\t\t\t\t<div class=\"elementor-element elementor-element-64e98555 elementor-widget elementor-widget-pix-badge\" data-id=\"64e98555\" data-element_type=\"widget\" data-e-type=\"widget\" data-widget_type=\"pix-badge.default\">\n\t\t\t\t<div class=\"elementor-widget-container\">\n\t\t\t\t\t<span class=\"pix-badge-element h6 d-inline-flex mr-1 \"  ><span class=\"badge font-weight-bold badge-pill bg-primary-light  \" style=\" \"><span class=\"text-primary\" style=\"\">Elanlar<\/span><\/span><\/span>\t\t\t\t<\/div>\n\t\t\t\t<\/div>\n\t\t\t\t<div class=\"elementor-element elementor-element-63bda71b elementor-widget elementor-widget-pix-sliding-text\" data-id=\"63bda71b\" data-element_type=\"widget\" data-e-type=\"widget\" data-widget_type=\"pix-sliding-text.default\">\n\t\t\t\t<div class=\"elementor-widget-container\">\n\t\t\t\t\t<div id=\"sliding-text-20300821\" class=\"mb-3 text-left \"><div class=\"d-inline-block\" style=\"max-width:500px;\"><h3 class=\"mb-32 pix-sliding-headline-2 animate-in font-weight-bold secondary-font \" data-anim-type=\"pix-sliding-text\" pix-anim-delay=\"500\" data-class=\"secondary-font text-heading-default\" style=\"\"><span class=\"slide-in-container \"><span class=\"pix-sliding-item secondary-font text-heading-default\" style=\"transition-delay: 0ms;\">Suallar\u0131n\u0131z&#32;<\/span><\/span> <span class=\"slide-in-container \"><span class=\"pix-sliding-item secondary-font text-heading-default\" style=\"transition-delay: 50ms;\">v\u0259&#32;<\/span><\/span> <span class=\"slide-in-container \"><span class=\"pix-sliding-item secondary-font text-heading-default\" style=\"transition-delay: 100ms;\">\u0259laq\u0259&#32;<\/span><\/span> <span class=\"slide-in-container \"><span class=\"pix-sliding-item secondary-font text-heading-default\" style=\"transition-delay: 150ms;\">\u00fc\u00e7\u00fcn&#32;<\/span><\/span> <span class=\"slide-in-container \"><span class=\"pix-sliding-item secondary-font text-heading-default\" style=\"transition-delay: 200ms;\">e-po\u00e7t&#32;<\/span><\/span> <span class=\"slide-in-container \"><span class=\"pix-sliding-item secondary-font text-heading-default\" style=\"transition-delay: 250ms;\">g\u00f6nd\u0259r\u0259&#32;<\/span><\/span> <span class=\"slide-in-container \"><span class=\"pix-sliding-item secondary-font text-heading-default\" style=\"transition-delay: 300ms;\">bil\u0259rsiniz.&#32;<\/span><\/span> <\/h3><\/div><\/div>\t\t\t\t<\/div>\n\t\t\t\t<\/div>\n\t\t\t\t<div class=\"elementor-element elementor-element-80a76d7 elementor-invisible elementor-widget elementor-widget-pix-text\" data-id=\"80a76d7\" data-element_type=\"widget\" data-e-type=\"widget\" data-widget_type=\"pix-text.default\">\n\t\t\t\t<div class=\"elementor-widget-container\">\n\t\t\t\t\t<div class=\"pix-el-text w-100 text-left \" ><div class=\"d-inline-block\" style=\"max-width:500px;\"><p class=\"text-18 resp-option text-body-default text-left \" ><span class=\"text-body-default animate-in d-inline-block\" data-anim-delay=\"200\" data-anim-type=\"fade-in-up\"><\/span><\/p><\/div><\/div>\t\t\t\t<\/div>\n\t\t\t\t<\/div>\n\t\t\t\t<div class=\"elementor-element elementor-element-192eba60 elementor-widget__width-auto elementor-widget elementor-widget-pix-button\" data-id=\"192eba60\" data-element_type=\"widget\" data-e-type=\"widget\" data-widget_type=\"pix-button.default\">\n\t\t\t\t<div class=\"elementor-widget-container\">\n\t\t\t\t\t<a  href=\"#\" class=\"btn m-0     text-heading-default btn-line-gray-4 d-inline-block pix-hover-item     secondary-font btn-rounded animate-in btn-normal\"   data-anim-type=\"fade-in-up\" data-anim-delay=\"200\" ><span class=\"font-weight-bold \" >B\u00fct\u00fcn Elanlara Bax\u0131n<\/span> <i class=\"font-weight-bold pixicon-angle-circle-right  pix-hover-right  ml-1\"><\/i><\/a>\t\t\t\t<\/div>\n\t\t\t\t<\/div>\n\t\t\t\t\t<\/div>\n\t\t<\/div>\n\t\t\t\t<div class=\"elementor-column elementor-col-50 elementor-top-column elementor-element elementor-element-12244a54\" data-id=\"12244a54\" data-element_type=\"column\" data-e-type=\"column\">\n\t\t\t<div class=\"elementor-widget-wrap elementor-element-populated\">\n\t\t\t\t\t\t<section class=\"elementor-section elementor-inner-section elementor-element elementor-element-5383ecb0 elementor-section-boxed elementor-section-height-default elementor-section-height-default\" data-id=\"5383ecb0\" data-element_type=\"section\" data-e-type=\"section\">\n\t\t\t\t\t\t<div class=\"elementor-container elementor-column-gap-default\">\n\t\t\t\t\t<div class=\"elementor-column elementor-col-100 elementor-inner-column elementor-element elementor-element-3642ef31\" data-id=\"3642ef31\" data-element_type=\"column\" data-e-type=\"column\">\n\t\t\t<div class=\"elementor-widget-wrap elementor-element-populated\">\n\t\t\t\t\t\t<div class=\"elementor-element elementor-element-186da5aa elementor-widget elementor-widget-pix-feature\" data-id=\"186da5aa\" data-element_type=\"widget\" data-e-type=\"widget\" data-widget_type=\"pix-feature.default\">\n\t\t\t\t<div class=\"elementor-widget-container\">\n\t\t\t\t\t<div id=\"duo-icon-86746145\" class=\"pix-feature-el  media \"><div class=\"rounded-circle mr-3 d-inline-block2 d-inline-flex align-items-center justify-content-center line-height-0 mw-100 bg-secondary-light \"   style=\" width:72px;aspect-ratio:1\/1 !important;position:relative;text-align:center;\"><div class=\"text-secondary\" style=\"display:inline-block;width:40px;height:40px;font-size:40px;\"><svg width=\"100%\" height=\"100%\" viewBox=\"0 0 24 24\" version=\"1.1\" xmlns=\"http:\/\/www.w3.org\/2000\/svg\" xmlns:xlink=\"http:\/\/www.w3.org\/1999\/xlink\"> <defs><\/defs> <g stroke=\"none\" stroke-width=\"1\" fill=\"none\" fill-rule=\"evenodd\"> <path d=\"M6,2 L18,2 C18.5522847,2 19,2.44771525 19,3 L19,12 C19,12.5522847 18.5522847,13 18,13 L6,13 C5.44771525,13 5,12.5522847 5,12 L5,3 C5,2.44771525 5.44771525,2 6,2 Z M7.5,5 C7.22385763,5 7,5.22385763 7,5.5 C7,5.77614237 7.22385763,6 7.5,6 L13.5,6 C13.7761424,6 14,5.77614237 14,5.5 C14,5.22385763 13.7761424,5 13.5,5 L7.5,5 Z M7.5,7 C7.22385763,7 7,7.22385763 7,7.5 C7,7.77614237 7.22385763,8 7.5,8 L10.5,8 C10.7761424,8 11,7.77614237 11,7.5 C11,7.22385763 10.7761424,7 10.5,7 L7.5,7 Z\" fill=\"#000000\" opacity=\"0.3\"><\/path> <path d=\"M3.79274528,6.57253826 L12,12.5 L20.2072547,6.57253826 C20.4311176,6.4108595 20.7436609,6.46126971 20.9053396,6.68513259 C20.9668779,6.77033951 21,6.87277228 21,6.97787787 L21,17 C21,18.1045695 20.1045695,19 19,19 L5,19 C3.8954305,19 3,18.1045695 3,17 L3,6.97787787 C3,6.70173549 3.22385763,6.47787787 3.5,6.47787787 C3.60510559,6.47787787 3.70753836,6.51099993 3.79274528,6.57253826 Z\" fill=\"#000000\"><\/path> <\/g> <\/svg><\/div><\/div><div class=\"media-body text-custom\"><h6 class=\"font-weight-bold   text-heading-default  \" style=\"padding-top:3px;\"  >T\u0259l\u0259b\u0259 \u0130\u015fl\u0259ri<\/h6><div class=\"text-body-default text-18     \" style=\"padding-top:10px;\"  >student@europecodingschool.com<\/div><\/div><\/div>\t\t\t\t<\/div>\n\t\t\t\t<\/div>\n\t\t\t\t\t<\/div>\n\t\t<\/div>\n\t\t\t\t\t<\/div>\n\t\t<\/section>\n\t\t\t\t<section class=\"elementor-section elementor-inner-section elementor-element elementor-element-b179e3d elementor-section-boxed elementor-section-height-default elementor-section-height-default\" data-id=\"b179e3d\" data-element_type=\"section\" data-e-type=\"section\">\n\t\t\t\t\t\t<div class=\"elementor-container elementor-column-gap-default\">\n\t\t\t\t\t<div class=\"elementor-column elementor-col-100 elementor-inner-column elementor-element elementor-element-29d5e5c\" data-id=\"29d5e5c\" data-element_type=\"column\" data-e-type=\"column\">\n\t\t\t<div class=\"elementor-widget-wrap elementor-element-populated\">\n\t\t\t\t\t\t<div class=\"elementor-element elementor-element-e9276ce elementor-widget elementor-widget-pix-feature\" data-id=\"e9276ce\" data-element_type=\"widget\" data-e-type=\"widget\" data-widget_type=\"pix-feature.default\">\n\t\t\t\t<div class=\"elementor-widget-container\">\n\t\t\t\t\t<div id=\"duo-icon-87432537\" class=\"pix-feature-el  media \"><div class=\"rounded-circle mr-3 d-inline-block2 d-inline-flex align-items-center justify-content-center line-height-0 mw-100 bg-secondary-light \"   style=\" width:72px;aspect-ratio:1\/1 !important;position:relative;text-align:center;\"><div class=\"text-secondary\" style=\"display:inline-block;width:40px;height:40px;font-size:40px;\"><svg width=\"100%\" height=\"100%\" viewBox=\"0 0 24 24\" version=\"1.1\" xmlns=\"http:\/\/www.w3.org\/2000\/svg\" xmlns:xlink=\"http:\/\/www.w3.org\/1999\/xlink\"> <defs><\/defs> <g stroke=\"none\" stroke-width=\"1\" fill=\"none\" fill-rule=\"evenodd\"> <path d=\"M6,2 L18,2 C18.5522847,2 19,2.44771525 19,3 L19,12 C19,12.5522847 18.5522847,13 18,13 L6,13 C5.44771525,13 5,12.5522847 5,12 L5,3 C5,2.44771525 5.44771525,2 6,2 Z M7.5,5 C7.22385763,5 7,5.22385763 7,5.5 C7,5.77614237 7.22385763,6 7.5,6 L13.5,6 C13.7761424,6 14,5.77614237 14,5.5 C14,5.22385763 13.7761424,5 13.5,5 L7.5,5 Z M7.5,7 C7.22385763,7 7,7.22385763 7,7.5 C7,7.77614237 7.22385763,8 7.5,8 L10.5,8 C10.7761424,8 11,7.77614237 11,7.5 C11,7.22385763 10.7761424,7 10.5,7 L7.5,7 Z\" fill=\"#000000\" opacity=\"0.3\"><\/path> <path d=\"M3.79274528,6.57253826 L12,12.5 L20.2072547,6.57253826 C20.4311176,6.4108595 20.7436609,6.46126971 20.9053396,6.68513259 C20.9668779,6.77033951 21,6.87277228 21,6.97787787 L21,17 C21,18.1045695 20.1045695,19 19,19 L5,19 C3.8954305,19 3,18.1045695 3,17 L3,6.97787787 C3,6.70173549 3.22385763,6.47787787 3.5,6.47787787 C3.60510559,6.47787787 3.70753836,6.51099993 3.79274528,6.57253826 Z\" fill=\"#000000\"><\/path> <\/g> <\/svg><\/div><\/div><div class=\"media-body text-custom\"><h6 class=\"font-weight-bold   text-heading-default  \" style=\"padding-top:3px;\"  >M\u0259zun Koordinatorlu\u011fu<\/h6><div class=\"text-body-default text-18     \" style=\"padding-top:10px;\"  >alumni@europecodingschool.com<\/div><\/div><\/div>\t\t\t\t<\/div>\n\t\t\t\t<\/div>\n\t\t\t\t\t<\/div>\n\t\t<\/div>\n\t\t\t\t\t<\/div>\n\t\t<\/section>\n\t\t\t\t\t<\/div>\n\t\t<\/div>\n\t\t\t\t\t<\/div>\n\t\t<\/section>\n\t\t\t\t<\/div>\n\t\t","protected":false},"excerpt":{"rendered":"<p>Duyuru \u0130\u015fe Al\u0131m Duyurusu Hk. Aral\u0131k 20, 2023 B\u00fclten Big\u00a0Data\u00a0(B\u00fcy\u00fck\u00a0Veri)\u00a0Nedir?\u00a0Nas\u0131l\u00a0Kullan\u0131l\u0131r? Aral\u0131k 20, 2023 B\u00fclten \u00d6\u011frenilmesi En Kolay Programlama Dili Hangisidir? Aral\u0131k 20, 2023 Duyuru Bahar D\u00f6nemi Kay\u0131tlar\u0131 Ba\u015fl\u0131yor! Aral\u0131k 1, 2023 B\u00fclten Siber\u00a0G\u00fcvenlik\u00a0Nedir?\u00a0Ne\u00a0\u0130\u015f\u00a0Yapar? Nisan 10, 2023 B\u00fclten Python\u00a0Nedir?\u00a0Nerelerde\u00a0Kullan\u0131l\u0131r? \u015eubat 14,&#8230;<\/p>\n","protected":false},"author":1,"featured_media":0,"parent":0,"menu_order":0,"comment_status":"closed","ping_status":"closed","template":"","meta":{"footnotes":""},"class_list":["post-15711","page","type-page","status-publish","hentry"],"_links":{"self":[{"href":"https:\/\/europecodingschool.com\/az\/wp-json\/wp\/v2\/pages\/15711","targetHints":{"allow":["GET"]}}],"collection":[{"href":"https:\/\/europecodingschool.com\/az\/wp-json\/wp\/v2\/pages"}],"about":[{"href":"https:\/\/europecodingschool.com\/az\/wp-json\/wp\/v2\/types\/page"}],"author":[{"embeddable":true,"href":"https:\/\/europecodingschool.com\/az\/wp-json\/wp\/v2\/users\/1"}],"replies":[{"embeddable":true,"href":"https:\/\/europecodingschool.com\/az\/wp-json\/wp\/v2\/comments?post=15711"}],"version-history":[{"count":1,"href":"https:\/\/europecodingschool.com\/az\/wp-json\/wp\/v2\/pages\/15711\/revisions"}],"predecessor-version":[{"id":15712,"href":"https:\/\/europecodingschool.com\/az\/wp-json\/wp\/v2\/pages\/15711\/revisions\/15712"}],"wp:attachment":[{"href":"https:\/\/europecodingschool.com\/az\/wp-json\/wp\/v2\/media?parent=15711"}],"curies":[{"name":"wp","href":"https:\/\/api.w.org\/{rel}","templated":true}]}}