{"id":15701,"date":"2023-12-20T11:15:16","date_gmt":"2023-12-20T11:15:16","guid":{"rendered":"https:\/\/europecodingschool.com\/data-elmi-icmasi\/"},"modified":"2025-10-24T21:06:19","modified_gmt":"2025-10-24T21:06:19","slug":"data-elmi-icmasi","status":"publish","type":"page","link":"https:\/\/europecodingschool.com\/az\/data-elmi-icmasi\/","title":{"rendered":"Data Elmi \u0130cmas\u0131"},"content":{"rendered":"\t\t<div data-elementor-type=\"wp-page\" data-elementor-id=\"15701\" class=\"elementor elementor-15701 elementor-14281\" data-elementor-post-type=\"page\">\n\t\t\t\t\t\t<section data-pix-dividers=\"&lt;div class=&quot;pix-divider  position-relative pix-bottom-divider&quot; data-style=&quot;style-8&quot; &gt;&lt;svg xmlns=&quot;http:\/\/www.w3.org\/2000\/svg&quot; width=&quot;100%&quot; height=&quot;300px&quot; viewBox=&quot;0 0 1200 366&quot; preserveAspectRatio=&quot;none&quot;&gt;&lt;g class=&quot;animate-in&quot; data-anim-type=&quot;fade-in-up&quot; data-anim-delay=&quot;300&quot;&gt;&lt;polygon fill=&quot;url(#divider-pix-accordion-814013-bottom-overlay-layer-3)&quot; points=&quot;0 240 1200 0 1200 366 0 366&quot; \/&gt;&lt;\/g&gt;&lt;polygon fill=&quot;#FFFFFF00&quot;  points=&quot;0 300 1200 60 1200 366 0 366&quot; \/&gt;&lt;polygon fill=&quot;#ffffff&quot; points=&quot;0 360 1200 120 1200 366 0 366&quot;\/&gt;&lt;defs&gt;&lt;linearGradient id=&quot;divider-pix-accordion-814013-bottom-overlay-layer-3&quot; x1=&quot;0%&quot; y1=&quot;0%&quot; x2=&quot;100%&quot; y2=&quot;0%&quot;&gt;&lt;stop offset=&quot;0%&quot;   stop-color=&quot;#00000014&quot;\/&gt;&lt;stop offset=&quot;100%&quot;   stop-color=&quot;#FFFFFF03&quot;\/&gt;&lt;\/linearGradient&gt;&lt;\/defs&gt;&lt;\/svg&gt;&lt;\/div&gt;\" class=\"elementor-section elementor-top-section elementor-element elementor-element-332a14ee elementor-section-boxed elementor-section-height-default elementor-section-height-default\" data-id=\"332a14ee\" data-element_type=\"section\" data-e-type=\"section\" data-settings=\"{&quot;background_background&quot;:&quot;classic&quot;}\">\n\t\t\t\t\t\t<div class=\"elementor-container elementor-column-gap-default\">\n\t\t\t\t\t<div class=\"elementor-column elementor-col-50 elementor-top-column elementor-element elementor-element-4a360240\" data-id=\"4a360240\" data-element_type=\"column\" data-e-type=\"column\">\n\t\t\t<div class=\"elementor-widget-wrap elementor-element-populated\">\n\t\t\t\t\t\t<div class=\"elementor-element elementor-element-76fba530 elementor-widget elementor-widget-pix-highlighted-text\" data-id=\"76fba530\" data-element_type=\"widget\" data-e-type=\"widget\" data-widget_type=\"pix-highlighted-text.default\">\n\t\t\t\t<div class=\"elementor-widget-container\">\n\t\t\t\t\t<div id=\"highlighted-text-38784512\" class=\"pix-highlighted-element text-left \"><h2 class=\"pix-highlighted-items \" style=\"\" data-anim-type=\"\" data-anim-delay=\"\"><span id=\"highlighted-text-38784512-0\" class=\" elementor-repeater-item-d38df35\"><span class=\"pix-highlighted-text pix-highlight-item font-weight-normal  heading-font text-heading-default\"><\/span><\/span><span id=\"highlighted-text-38784512-1\" class=\"pix-highlight-bg align-middle2   elementor-repeater-item-b2f5606 highlighted-text-38784512-1 animate-in\" data-anim-type=\"highlight-grow\" data-anim-delay=\"200\"><span class=\"pix-highlighted-text  pix-highlight-item font-weight-normal  font-weight-bold heading-font text-heading-default\">Data Elmi \u0130cmas\u0131 <\/span><\/span><span id=\"highlighted-text-38784512-2\" class=\" elementor-repeater-item-3d6442b\"><span class=\"pix-highlighted-text pix-highlight-item font-weight-normal  heading-font text-heading-default\">N\u0259dir?<\/span><\/span><\/h2><\/div>\t\t\t\t<\/div>\n\t\t\t\t<\/div>\n\t\t\t\t<div class=\"elementor-element elementor-element-59edd41b elementor-widget elementor-widget-pix-text\" data-id=\"59edd41b\" data-element_type=\"widget\" data-e-type=\"widget\" data-widget_type=\"pix-text.default\">\n\t\t\t\t<div class=\"elementor-widget-container\">\n\t\t\t\t\t<div class=\"pix-el-text w-100 text-left \" ><p class=\" resp-option text-dark-opacity-5 text-left \" >Data Elmi \u0130cmas\u0131 data analizi, ma\u015f\u0131n \u00f6yr\u0259nm\u0259si, statistika, b\u00f6y\u00fck data v\u0259 data m\u0259d\u0259n\u00e7iliyi kimi m\u00f6vzulara maraq g\u00f6st\u0259r\u0259n f\u0259rdl\u0259rin v\u0259 m\u00fct\u0259x\u0259ssisl\u0259rin bir araya g\u0259ldiyi bir icmad\u0131r. Bu icma, data elmi il\u0259 \u0259laq\u0259li aktual inki\u015faflar\u0131 payla\u015fmaq, analitik bacar\u0131qlar\u0131 inki\u015faf etdirm\u0259k, data \u0259sasl\u0131 q\u0259rar q\u0259bul etm\u0259yi d\u0259st\u0259kl\u0259m\u0259k v\u0259 sektordak\u0131 \u0259n yax\u015f\u0131 t\u0259tbiql\u0259ri k\u0259\u015ff etm\u0259k m\u0259qs\u0259di il\u0259 m\u00fcxt\u0259lif t\u0259dbirl\u0259r t\u0259\u015fkil edir. Bu icma, data elmi m\u00fct\u0259x\u0259ssisl\u0259rini bir araya g\u0259tir\u0259r\u0259k, sektordak\u0131 inki\u015faflar\u0131 \u0259vv\u0259lc\u0259d\u0259n g\u00f6rm\u0259k, h\u0259ll\u0259r yaratmaq v\u0259 bu sah\u0259d\u0259ki bilik birikimini art\u0131rma\u011fa y\u00f6n\u0259lik bir missiya da\u015f\u0131y\u0131r.  <\/p><\/div>\t\t\t\t<\/div>\n\t\t\t\t<\/div>\n\t\t\t\t<div class=\"elementor-element elementor-element-795d50f8 elementor-widget elementor-widget-pix-text\" data-id=\"795d50f8\" data-element_type=\"widget\" data-e-type=\"widget\" data-widget_type=\"pix-text.default\">\n\t\t\t\t<div class=\"elementor-widget-container\">\n\t\t\t\t\t<div class=\"pix-el-text w-100 text-left \" ><p class=\" resp-option text-dark-opacity-5 text-left font-weight-bold\" >Bu icmaya qo\u015fularaq Data Elmi sah\u0259sind\u0259 bilik v\u0259 s\u0259ri\u015ft\u0259 qazanm\u0131\u015f olacaqs\u0131n\u0131z.<\/p><\/div>\t\t\t\t<\/div>\n\t\t\t\t<\/div>\n\t\t\t\t\t<\/div>\n\t\t<\/div>\n\t\t\t\t<div class=\"elementor-column elementor-col-50 elementor-top-column elementor-element elementor-element-6a8be71\" data-id=\"6a8be71\" data-element_type=\"column\" data-e-type=\"column\">\n\t\t\t<div class=\"elementor-widget-wrap elementor-element-populated\">\n\t\t\t\t\t\t<div class=\"elementor-element elementor-element-756309f1 elementor-invisible elementor-widget elementor-widget-pix-photo-stack\" data-id=\"756309f1\" data-element_type=\"widget\" data-e-type=\"widget\" data-widget_type=\"pix-photo-stack.default\">\n\t\t\t\t<div class=\"elementor-widget-container\">\n\t\t\t\t\t<div class=\"pix-photo-stack pix-img-2 \"><div class=\"img-el\" ><div class=\"w-100 pix-bounce-sm pix-duration-slow\"><div class=\"animate-in d-inline-block w-100\" data-anim-type=\"fade-in-up\" data-anim-delay=\"400\"><div class=\"tilt\"><img loading=\"lazy\" decoding=\"async\" width=\"1000\" height=\"667\" class=\"pix-lazy rounded-lg shadow-lg shadow-hover-lg scale-sm d-inline-block\" loading=\"lazy\" data-srcset=\"\" src=\"https:\/\/europecodingschool.com\/wp-content\/plugins\/pixfort-core\/functions\/images\/loading.webp\" data-src=\"https:\/\/europecodingschool.com\/wp-content\/uploads\/2023\/12\/big-data.webp\" alt=\"Stack\" title=\"\"><\/div><\/div><\/div><\/div><div class=\"img-el\" ><div class=\"w-100 pix-bounce-sm pix-duration-slow\"><div class=\"animate-in d-inline-block w-100\" data-anim-type=\"fade-in-up\" data-anim-delay=\"500\"><div class=\"tilt\"><img loading=\"lazy\" decoding=\"async\" width=\"1000\" height=\"667\" class=\"pix-lazy rounded-lg shadow-lg shadow-hover-lg scale-sm d-inline-block\" loading=\"lazy\" data-srcset=\"\" src=\"https:\/\/europecodingschool.com\/wp-content\/plugins\/pixfort-core\/functions\/images\/loading.webp\" data-src=\"https:\/\/europecodingschool.com\/wp-content\/uploads\/2023\/12\/sql.webp\" alt=\"Stack\" title=\"\"><\/div><\/div><\/div><\/div><\/div>\t\t\t\t<\/div>\n\t\t\t\t<\/div>\n\t\t\t\t\t<\/div>\n\t\t<\/div>\n\t\t\t\t\t<\/div>\n\t\t<\/section>\n\t\t\t\t<section class=\"elementor-section elementor-top-section elementor-element elementor-element-85d80b5 elementor-section-boxed elementor-section-height-default elementor-section-height-default\" data-id=\"85d80b5\" data-element_type=\"section\" data-e-type=\"section\">\n\t\t\t\t\t\t<div class=\"elementor-container elementor-column-gap-default\">\n\t\t\t\t\t<div class=\"elementor-column elementor-col-100 elementor-top-column elementor-element elementor-element-7b9a3671\" data-id=\"7b9a3671\" data-element_type=\"column\" data-e-type=\"column\">\n\t\t\t<div class=\"elementor-widget-wrap elementor-element-populated\">\n\t\t\t\t\t\t<div class=\"elementor-element elementor-element-67f844d elementor-invisible elementor-widget elementor-widget-pix-badge\" data-id=\"67f844d\" data-element_type=\"widget\" data-e-type=\"widget\" data-widget_type=\"pix-badge.default\">\n\t\t\t\t<div class=\"elementor-widget-container\">\n\t\t\t\t\t<div class=\"pix-element-div w-100 text-center\"><span class=\"pix-badge-element h6 d-inline-flex mr-1 animate-in\" data-anim-type=\"fade-in-left\" data-anim-delay=\"600\"><span class=\"badge font-weight-bold bg-gradient-primary-light  \" style=\" \"><span class=\"text-gradient-primary\" style=\"\">Akademik Proqram T\u0259tbiqi T\u0259liml\u0259r<\/span><\/span><\/span><\/div>\t\t\t\t<\/div>\n\t\t\t\t<\/div>\n\t\t\t\t<div class=\"elementor-element elementor-element-5a6ce950 elementor-widget elementor-widget-pix-sliding-text\" data-id=\"5a6ce950\" data-element_type=\"widget\" data-e-type=\"widget\" data-widget_type=\"pix-sliding-text.default\">\n\t\t\t\t<div class=\"elementor-widget-container\">\n\t\t\t\t\t<div id=\"sliding-text-62884164\" class=\"mb-3 text-center \"><div class=\"d-inline-block\" style=\"max-width:500px;\"><h3 class=\"mb-32 pix-sliding-headline-2 animate-in font-weight-bold secondary-font \" data-anim-type=\"pix-sliding-text\" pix-anim-delay=\"500\" data-class=\"secondary-font text-heading-default\" style=\"\"><span class=\"slide-in-container \"><span class=\"pix-sliding-item secondary-font text-heading-default\" style=\"transition-delay: 0ms;\">\u0130cma&#32;<\/span><\/span> <span class=\"slide-in-container \"><span class=\"pix-sliding-item secondary-font text-heading-default\" style=\"transition-delay: 150ms;\">daxilind\u0259&#32;<\/span><\/span> <span class=\"slide-in-container \"><span class=\"pix-sliding-item secondary-font text-heading-default\" style=\"transition-delay: 300ms;\">inki\u015faf&#32;<\/span><\/span> <span class=\"slide-in-container \"><span class=\"pix-sliding-item secondary-font text-heading-default\" style=\"transition-delay: 450ms;\">etdiril\u0259n&#32;<\/span><\/span> <span class=\"slide-in-container \"><span class=\"pix-sliding-item secondary-font text-heading-default\" style=\"transition-delay: 600ms;\">layih\u0259l\u0259r&#32;<\/span><\/span> <\/h3><\/div><\/div>\t\t\t\t<\/div>\n\t\t\t\t<\/div>\n\t\t\t\t\t<\/div>\n\t\t<\/div>\n\t\t\t\t\t<\/div>\n\t\t<\/section>\n\t\t\t\t<section class=\"elementor-section elementor-top-section elementor-element elementor-element-7fa33da elementor-section-boxed elementor-section-height-default elementor-section-height-default\" data-id=\"7fa33da\" data-element_type=\"section\" data-e-type=\"section\">\n\t\t\t\t\t\t<div class=\"elementor-container elementor-column-gap-default\">\n\t\t\t\t\t<div class=\"elementor-column elementor-col-33 elementor-top-column elementor-element elementor-element-181ecac\" data-id=\"181ecac\" data-element_type=\"column\" data-e-type=\"column\">\n\t\t\t<div class=\"elementor-widget-wrap elementor-element-populated\">\n\t\t\t\t\t\t<section class=\"animate-in elementor-section elementor-inner-section elementor-element elementor-element-fe4b453 elementor-section-boxed elementor-section-height-default elementor-section-height-default\" data-anim-type=\"fade-in-up\" data-anim-delay=\"0\" data-id=\"fe4b453\" data-element_type=\"section\" data-e-type=\"section\">\n\t\t\t\t\t\t<div class=\"elementor-container elementor-column-gap-default\">\n\t\t\t\t\t<div class=\"elementor-column elementor-col-100 elementor-inner-column elementor-element elementor-element-182d9ff\" data-id=\"182d9ff\" data-element_type=\"column\" data-e-type=\"column\">\n\t\t\t<div class=\"elementor-widget-wrap elementor-element-populated\">\n\t\t\t\t\t\t<div class=\"elementor-element elementor-element-e7e7060 elementor-widget elementor-widget-pix-img\" data-id=\"e7e7060\" data-element_type=\"widget\" data-e-type=\"widget\" data-widget_type=\"pix-img.default\">\n\t\t\t\t<div class=\"elementor-widget-container\">\n\t\t\t\t\t<div class=\"d-inline-block \" ><div class=\"pix-img-el    scale-sm center d-inline-block  w-100 rounded-0\"  ><img fetchpriority=\"high\" decoding=\"async\" class=\"card-img2 pix-img-elem rounded-0  h-1002\" style=\"height:auto;\" width=\"500\" height=\"500\" src=\"https:\/\/europecodingschool.com\/wp-content\/uploads\/2023\/12\/ev-fiyati-tahminleme.webp\" alt=\"Image link\" title=\"\"><\/div><\/div>\t\t\t\t<\/div>\n\t\t\t\t<\/div>\n\t\t\t\t<div class=\"elementor-element elementor-element-938d42d elementor-widget__width-auto elementor-invisible elementor-widget elementor-widget-pix-badge\" data-id=\"938d42d\" data-element_type=\"widget\" data-e-type=\"widget\" data-widget_type=\"pix-badge.default\">\n\t\t\t\t<div class=\"elementor-widget-container\">\n\t\t\t\t\t<span class=\"pix-badge-element h6 d-inline-flex mr-1 animate-in\" data-anim-type=\"fade-in-up\" data-anim-delay=\"300\"><span class=\"badge font-weight-bold secondary-font badge-pill bg-green  \" style=\" \"><span class=\"text-white\" style=\"\">\u018fsas<\/span><\/span><\/span>\t\t\t\t<\/div>\n\t\t\t\t<\/div>\n\t\t\t\t<div class=\"elementor-element elementor-element-f7956f0 elementor-invisible elementor-widget elementor-widget-pix-feature\" data-id=\"f7956f0\" data-element_type=\"widget\" data-e-type=\"widget\" data-widget_type=\"pix-feature.default\">\n\t\t\t\t<div class=\"elementor-widget-container\">\n\t\t\t\t\t<div id=\"duo-icon-109363717\" class=\"pix-feature-el text-custom \"><h5 class=\"font-weight-bold   text-heading-default animate-in\" style=\"\" data-anim-type=\"fade-in-up\" data-anim-delay=\"150\">Ev Qiym\u0259tl\u0259ri Proqnozu<\/h5><div class=\"text-body-default text-18     animate-in\" style=\"padding-top:10px;\" data-anim-type=\"fade-in-up\" data-anim-delay=\"250\"> Ev qiym\u0259tl\u0259rin\u0259 t\u0259sir ed\u0259n faktorlar\u0131 t\u0259hlil ed\u0259r\u0259k bir model yaratmaq<\/div><\/div>\t\t\t\t<\/div>\n\t\t\t\t<\/div>\n\t\t\t\t\t<\/div>\n\t\t<\/div>\n\t\t\t\t\t<\/div>\n\t\t<\/section>\n\t\t\t\t\t<\/div>\n\t\t<\/div>\n\t\t\t\t<div class=\"elementor-column elementor-col-33 elementor-top-column elementor-element elementor-element-2b7efc9\" data-id=\"2b7efc9\" data-element_type=\"column\" data-e-type=\"column\">\n\t\t\t<div class=\"elementor-widget-wrap elementor-element-populated\">\n\t\t\t\t\t\t<section class=\"animate-in elementor-section elementor-inner-section elementor-element elementor-element-7aa7694 elementor-section-boxed elementor-section-height-default elementor-section-height-default\" data-anim-type=\"fade-in-up\" data-anim-delay=\"0\" data-id=\"7aa7694\" data-element_type=\"section\" data-e-type=\"section\">\n\t\t\t\t\t\t<div class=\"elementor-container elementor-column-gap-default\">\n\t\t\t\t\t<div class=\"elementor-column elementor-col-100 elementor-inner-column elementor-element elementor-element-bc1bafd\" data-id=\"bc1bafd\" data-element_type=\"column\" data-e-type=\"column\">\n\t\t\t<div class=\"elementor-widget-wrap elementor-element-populated\">\n\t\t\t\t\t\t<div class=\"elementor-element elementor-element-2994efd elementor-widget elementor-widget-pix-img\" data-id=\"2994efd\" data-element_type=\"widget\" data-e-type=\"widget\" data-widget_type=\"pix-img.default\">\n\t\t\t\t<div class=\"elementor-widget-container\">\n\t\t\t\t\t<div class=\"d-inline-block \" ><div class=\"pix-img-el    scale-sm center d-inline-block  w-100 rounded-0\"  ><img decoding=\"async\" class=\"card-img2 pix-img-elem rounded-0  h-1002\" style=\"height:auto;\" width=\"500\" height=\"500\" src=\"https:\/\/europecodingschool.com\/wp-content\/uploads\/2023\/12\/gu\u0308venlik-tespiti.webp\" alt=\"Image link\" title=\"\"><\/div><\/div>\t\t\t\t<\/div>\n\t\t\t\t<\/div>\n\t\t\t\t<div class=\"elementor-element elementor-element-6b32bdf elementor-widget__width-auto elementor-invisible elementor-widget elementor-widget-pix-badge\" data-id=\"6b32bdf\" data-element_type=\"widget\" data-e-type=\"widget\" data-widget_type=\"pix-badge.default\">\n\t\t\t\t<div class=\"elementor-widget-container\">\n\t\t\t\t\t<span class=\"pix-badge-element h6 d-inline-flex mr-1 animate-in\" data-anim-type=\"fade-in-up\" data-anim-delay=\"300\"><span class=\"badge font-weight-bold secondary-font badge-pill bg-yellow  \" style=\" \"><span class=\"text-white\" style=\"\">Orta<\/span><\/span><\/span>\t\t\t\t<\/div>\n\t\t\t\t<\/div>\n\t\t\t\t<div class=\"elementor-element elementor-element-f569836 elementor-invisible elementor-widget elementor-widget-pix-feature\" data-id=\"f569836\" data-element_type=\"widget\" data-e-type=\"widget\" data-widget_type=\"pix-feature.default\">\n\t\t\t\t<div class=\"elementor-widget-container\">\n\t\t\t\t\t<div id=\"duo-icon-56665102\" class=\"pix-feature-el text-custom \"><h5 class=\"font-weight-bold   text-heading-default animate-in\" style=\"\" data-anim-type=\"fade-in-up\" data-anim-delay=\"150\">T\u0259hl\u00fck\u0259sizlik T\u0259hdidl\u0259rinin A\u015fkarlanmas\u0131<\/h5><div class=\"text-body-default text-18     animate-in\" style=\"padding-top:10px;\" data-anim-type=\"fade-in-up\" data-anim-delay=\"250\">\u015e\u0259b\u0259k\u0259 t\u0259hl\u00fck\u0259sizliyi datalar\u0131n\u0131 analiz ed\u0259r\u0259k potensial t\u0259hdidl\u0259ri m\u00fc\u0259yy\u0259n etm\u0259k<\/div><\/div>\t\t\t\t<\/div>\n\t\t\t\t<\/div>\n\t\t\t\t\t<\/div>\n\t\t<\/div>\n\t\t\t\t\t<\/div>\n\t\t<\/section>\n\t\t\t\t\t<\/div>\n\t\t<\/div>\n\t\t\t\t<div class=\"elementor-column elementor-col-33 elementor-top-column elementor-element elementor-element-b163265\" data-id=\"b163265\" data-element_type=\"column\" data-e-type=\"column\">\n\t\t\t<div class=\"elementor-widget-wrap elementor-element-populated\">\n\t\t\t\t\t\t<section class=\"animate-in elementor-section elementor-inner-section elementor-element elementor-element-5f8d023 elementor-section-boxed elementor-section-height-default elementor-section-height-default\" data-anim-type=\"fade-in-up\" data-anim-delay=\"0\" data-id=\"5f8d023\" data-element_type=\"section\" data-e-type=\"section\">\n\t\t\t\t\t\t<div class=\"elementor-container elementor-column-gap-default\">\n\t\t\t\t\t<div class=\"elementor-column elementor-col-100 elementor-inner-column elementor-element elementor-element-062ee3d\" data-id=\"062ee3d\" data-element_type=\"column\" data-e-type=\"column\">\n\t\t\t<div class=\"elementor-widget-wrap elementor-element-populated\">\n\t\t\t\t\t\t<div class=\"elementor-element elementor-element-d844e90 elementor-widget elementor-widget-pix-img\" data-id=\"d844e90\" data-element_type=\"widget\" data-e-type=\"widget\" data-widget_type=\"pix-img.default\">\n\t\t\t\t<div class=\"elementor-widget-container\">\n\t\t\t\t\t<div class=\"d-inline-block \" ><div class=\"pix-img-el    scale-sm center d-inline-block  w-100 rounded-0\"  ><img decoding=\"async\" class=\"card-img2 pix-img-elem rounded-0  h-1002\" style=\"height:auto;\" width=\"500\" height=\"500\" src=\"https:\/\/europecodingschool.com\/wp-content\/uploads\/2023\/12\/go\u0308ru\u0308ntu\u0308-tanima.webp\" alt=\"Image link\" title=\"\"><\/div><\/div>\t\t\t\t<\/div>\n\t\t\t\t<\/div>\n\t\t\t\t<div class=\"elementor-element elementor-element-fdf3184 elementor-widget__width-auto elementor-invisible elementor-widget elementor-widget-pix-badge\" data-id=\"fdf3184\" data-element_type=\"widget\" data-e-type=\"widget\" data-widget_type=\"pix-badge.default\">\n\t\t\t\t<div class=\"elementor-widget-container\">\n\t\t\t\t\t<span class=\"pix-badge-element h6 d-inline-flex mr-1 animate-in\" data-anim-type=\"fade-in-up\" data-anim-delay=\"300\"><span class=\"badge font-weight-bold secondary-font badge-pill bg-secondary  \" style=\" \"><span class=\"text-white\" style=\"\">\u00c7\u0259tin<\/span><\/span><\/span>\t\t\t\t<\/div>\n\t\t\t\t<\/div>\n\t\t\t\t<div class=\"elementor-element elementor-element-ae71311 elementor-invisible elementor-widget elementor-widget-pix-feature\" data-id=\"ae71311\" data-element_type=\"widget\" data-e-type=\"widget\" data-widget_type=\"pix-feature.default\">\n\t\t\t\t<div class=\"elementor-widget-container\">\n\t\t\t\t\t<div id=\"duo-icon-42881667\" class=\"pix-feature-el text-custom \"><h5 class=\"font-weight-bold   text-heading-default animate-in\" style=\"\" data-anim-type=\"fade-in-up\" data-anim-delay=\"150\">T\u0259kmill\u0259\u015fdirilmi\u015f \u015e\u0259kil Tan\u0131ma<\/h5><div class=\"text-body-default text-18     animate-in\" style=\"padding-top:10px;\" data-anim-type=\"fade-in-up\" data-anim-delay=\"250\">\u015e\u0259kil m\u0259lumatlar\u0131ndan istifad\u0259 ed\u0259r\u0259k obyektl\u0259ri tan\u0131maq<\/div><\/div>\t\t\t\t<\/div>\n\t\t\t\t<\/div>\n\t\t\t\t\t<\/div>\n\t\t<\/div>\n\t\t\t\t\t<\/div>\n\t\t<\/section>\n\t\t\t\t\t<\/div>\n\t\t<\/div>\n\t\t\t\t\t<\/div>\n\t\t<\/section>\n\t\t\t\t<\/div>\n\t\t","protected":false},"excerpt":{"rendered":"<p>Data Elmi \u0130cmas\u0131 N\u0259dir? Data Elmi \u0130cmas\u0131 data analizi, ma\u015f\u0131n \u00f6yr\u0259nm\u0259si, statistika, b\u00f6y\u00fck data v\u0259 data m\u0259d\u0259n\u00e7iliyi kimi m\u00f6vzulara maraq g\u00f6st\u0259r\u0259n f\u0259rdl\u0259rin v\u0259 m\u00fct\u0259x\u0259ssisl\u0259rin bir araya g\u0259ldiyi bir icmad\u0131r. Bu icma, data elmi il\u0259 \u0259laq\u0259li aktual inki\u015faflar\u0131 payla\u015fmaq, analitik bacar\u0131qlar\u0131&#8230;<\/p>\n","protected":false},"author":2,"featured_media":0,"parent":0,"menu_order":0,"comment_status":"closed","ping_status":"closed","template":"","meta":{"footnotes":""},"class_list":["post-15701","page","type-page","status-publish","hentry"],"_links":{"self":[{"href":"https:\/\/europecodingschool.com\/az\/wp-json\/wp\/v2\/pages\/15701","targetHints":{"allow":["GET"]}}],"collection":[{"href":"https:\/\/europecodingschool.com\/az\/wp-json\/wp\/v2\/pages"}],"about":[{"href":"https:\/\/europecodingschool.com\/az\/wp-json\/wp\/v2\/types\/page"}],"author":[{"embeddable":true,"href":"https:\/\/europecodingschool.com\/az\/wp-json\/wp\/v2\/users\/2"}],"replies":[{"embeddable":true,"href":"https:\/\/europecodingschool.com\/az\/wp-json\/wp\/v2\/comments?post=15701"}],"version-history":[{"count":1,"href":"https:\/\/europecodingschool.com\/az\/wp-json\/wp\/v2\/pages\/15701\/revisions"}],"predecessor-version":[{"id":15702,"href":"https:\/\/europecodingschool.com\/az\/wp-json\/wp\/v2\/pages\/15701\/revisions\/15702"}],"wp:attachment":[{"href":"https:\/\/europecodingschool.com\/az\/wp-json\/wp\/v2\/media?parent=15701"}],"curies":[{"name":"wp","href":"https:\/\/api.w.org\/{rel}","templated":true}]}}