{"id":15699,"date":"2023-12-20T11:10:31","date_gmt":"2023-12-20T11:10:31","guid":{"rendered":"https:\/\/europecodingschool.com\/mali-texnologiyalar-birliyi\/"},"modified":"2025-10-24T21:06:10","modified_gmt":"2025-10-24T21:06:10","slug":"mali-texnologiyalar-birliyi","status":"publish","type":"page","link":"https:\/\/europecodingschool.com\/az\/mali-texnologiyalar-birliyi\/","title":{"rendered":"Mali Texnologiyalar Birliyi"},"content":{"rendered":"\t\t<div data-elementor-type=\"wp-page\" data-elementor-id=\"15699\" class=\"elementor elementor-15699 elementor-14269\" data-elementor-post-type=\"page\">\n\t\t\t\t\t\t<section data-pix-dividers=\"&lt;div class=&quot;pix-divider  position-relative pix-bottom-divider&quot; data-style=&quot;style-8&quot; &gt;&lt;svg xmlns=&quot;http:\/\/www.w3.org\/2000\/svg&quot; width=&quot;100%&quot; height=&quot;300px&quot; viewBox=&quot;0 0 1200 366&quot; preserveAspectRatio=&quot;none&quot;&gt;&lt;g class=&quot;animate-in&quot; data-anim-type=&quot;fade-in-up&quot; data-anim-delay=&quot;300&quot;&gt;&lt;polygon fill=&quot;url(#divider-pix-accordion-984591-bottom-overlay-layer-3)&quot; points=&quot;0 240 1200 0 1200 366 0 366&quot; \/&gt;&lt;\/g&gt;&lt;polygon fill=&quot;#FFFFFF00&quot;  points=&quot;0 300 1200 60 1200 366 0 366&quot; \/&gt;&lt;polygon fill=&quot;#ffffff&quot; points=&quot;0 360 1200 120 1200 366 0 366&quot;\/&gt;&lt;defs&gt;&lt;linearGradient id=&quot;divider-pix-accordion-984591-bottom-overlay-layer-3&quot; x1=&quot;0%&quot; y1=&quot;0%&quot; x2=&quot;100%&quot; y2=&quot;0%&quot;&gt;&lt;stop offset=&quot;0%&quot;   stop-color=&quot;#00000014&quot;\/&gt;&lt;stop offset=&quot;100%&quot;   stop-color=&quot;#FFFFFF03&quot;\/&gt;&lt;\/linearGradient&gt;&lt;\/defs&gt;&lt;\/svg&gt;&lt;\/div&gt;\" class=\"elementor-section elementor-top-section elementor-element elementor-element-6b1ac17c elementor-section-boxed elementor-section-height-default elementor-section-height-default\" data-id=\"6b1ac17c\" data-element_type=\"section\" data-e-type=\"section\" data-settings=\"{&quot;background_background&quot;:&quot;classic&quot;}\">\n\t\t\t\t\t\t<div class=\"elementor-container elementor-column-gap-default\">\n\t\t\t\t\t<div class=\"elementor-column elementor-col-50 elementor-top-column elementor-element elementor-element-1ac92862\" data-id=\"1ac92862\" data-element_type=\"column\" data-e-type=\"column\">\n\t\t\t<div class=\"elementor-widget-wrap elementor-element-populated\">\n\t\t\t\t\t\t<div class=\"elementor-element elementor-element-3e89d0b0 elementor-widget elementor-widget-pix-highlighted-text\" data-id=\"3e89d0b0\" data-element_type=\"widget\" data-e-type=\"widget\" data-widget_type=\"pix-highlighted-text.default\">\n\t\t\t\t<div class=\"elementor-widget-container\">\n\t\t\t\t\t<div id=\"highlighted-text-111366036\" class=\"pix-highlighted-element text-left \"><h2 class=\"pix-highlighted-items \" style=\"\" data-anim-type=\"\" data-anim-delay=\"\"><span id=\"highlighted-text-111366036-0\" class=\" elementor-repeater-item-d38df35\"><span class=\"pix-highlighted-text pix-highlight-item font-weight-normal  heading-font text-heading-default\"><\/span><\/span><span id=\"highlighted-text-111366036-1\" class=\"pix-highlight-bg align-middle2   elementor-repeater-item-b2f5606 highlighted-text-111366036-1 animate-in\" data-anim-type=\"highlight-grow\" data-anim-delay=\"200\"><span class=\"pix-highlighted-text  pix-highlight-item font-weight-normal  font-weight-bold heading-font text-heading-default\">Mali Texnologiyalar Birliyi <\/span><\/span><span id=\"highlighted-text-111366036-2\" class=\" elementor-repeater-item-3d6442b\"><span class=\"pix-highlighted-text pix-highlight-item font-weight-normal  heading-font text-heading-default\">N\u0259dir?<\/span><\/span><\/h2><\/div>\t\t\t\t<\/div>\n\t\t\t\t<\/div>\n\t\t\t\t<div class=\"elementor-element elementor-element-3cbac3ea elementor-widget elementor-widget-pix-text\" data-id=\"3cbac3ea\" data-element_type=\"widget\" data-e-type=\"widget\" data-widget_type=\"pix-text.default\">\n\t\t\t\t<div class=\"elementor-widget-container\">\n\t\t\t\t\t<div class=\"pix-el-text w-100 text-left \" ><p class=\" resp-option text-dark-opacity-5 text-left \" >Mali Texnologiyalar (Fintech) Birliyi, maliyy\u0259 sektorundak\u0131 texnoloji inki\u015faflar\u0131 izl\u0259y\u0259n v\u0259 bu sah\u0259d\u0259 maraqlanan m\u00fct\u0259x\u0259ssisl\u0259rin bir araya g\u0259ldiyi bir birlikdir. Bu birlik, \u00f6d\u0259m\u0259 sisteml\u0259ri, r\u0259q\u0259msal bank\u00e7\u0131l\u0131q, kriptovalyutalar, s\u00fcni intellekt d\u0259st\u0259kli maliyy\u0259 xidm\u0259tl\u0259ri v\u0259 dig\u0259r maliyy\u0259 texnologiyalar\u0131 sah\u0259l\u0259ri il\u0259 ba\u011fl\u0131 m\u00f6vzular\u0131 \u0259l\u0259 alaraq m\u0259lumat payla\u015f\u0131m\u0131n\u0131 t\u0259\u015fviq edir. Fintech Birliyi, t\u0259\u015fkil etdikl\u0259ri t\u0259dbirl\u0259r, seminarlar v\u0259 onlayn platformalar vasit\u0259sil\u0259 sektordak\u0131 yenilikl\u0259ri m\u00fczakir\u0259 etm\u0259k, sahibkarlar\u0131 d\u0259st\u0259kl\u0259m\u0259k v\u0259 \u00fczvl\u0259r aras\u0131nda i\u015fbirliyi t\u0259min etm\u0259k m\u0259qs\u0259dil\u0259 f\u0259aliyy\u0259t g\u00f6st\u0259rir. Bu birlik, maliyy\u0259 sektorunda r\u0259q\u0259msal transformasiyan\u0131 s\u00fcr\u0259tl\u0259ndirm\u0259yi v\u0259 texnoloji innovasiyalar\u0131 m\u0259nims\u0259m\u0259yi m\u0259qs\u0259d qoyan f\u0259rdl\u0259ri bir araya g\u0259tir\u0259r\u0259k sektordak\u0131 inki\u015faflar\u0131 formala\u015fd\u0131rma\u011fa v\u0259 ir\u0259liy\u0259 aparma\u011fa y\u00f6n\u0259lik bir s\u0259y g\u00f6st\u0259rir.<\/p><\/div>\t\t\t\t<\/div>\n\t\t\t\t<\/div>\n\t\t\t\t<div class=\"elementor-element elementor-element-e268645 elementor-widget elementor-widget-pix-text\" data-id=\"e268645\" data-element_type=\"widget\" data-e-type=\"widget\" data-widget_type=\"pix-text.default\">\n\t\t\t\t<div class=\"elementor-widget-container\">\n\t\t\t\t\t<div class=\"pix-el-text w-100 text-left \" ><p class=\" resp-option text-dark-opacity-5 text-left font-weight-bold\" >Bu birliy\u0259 qat\u0131laraq Mali Texnologiyalar sah\u0259sind\u0259 bilik v\u0259 s\u0259ri\u015ft\u0259 qazanm\u0131\u015f olacaqs\u0131n\u0131z.<\/p><\/div>\t\t\t\t<\/div>\n\t\t\t\t<\/div>\n\t\t\t\t\t<\/div>\n\t\t<\/div>\n\t\t\t\t<div class=\"elementor-column elementor-col-50 elementor-top-column elementor-element elementor-element-1b949ae5\" data-id=\"1b949ae5\" data-element_type=\"column\" data-e-type=\"column\">\n\t\t\t<div class=\"elementor-widget-wrap elementor-element-populated\">\n\t\t\t\t\t\t<div class=\"elementor-element elementor-element-1a587645 elementor-invisible elementor-widget elementor-widget-pix-photo-stack\" data-id=\"1a587645\" data-element_type=\"widget\" data-e-type=\"widget\" data-widget_type=\"pix-photo-stack.default\">\n\t\t\t\t<div class=\"elementor-widget-container\">\n\t\t\t\t\t<div class=\"pix-photo-stack pix-img-2 \"><div class=\"img-el\" ><div class=\"w-100 pix-bounce-sm pix-duration-slow\"><div class=\"animate-in d-inline-block w-100\" data-anim-type=\"fade-in-up\" data-anim-delay=\"400\"><div class=\"tilt\"><img loading=\"lazy\" decoding=\"async\" width=\"750\" height=\"1000\" class=\"pix-lazy rounded-lg shadow-lg shadow-hover-lg scale-sm d-inline-block\" loading=\"lazy\" data-srcset=\"\" src=\"https:\/\/europecodingschool.com\/wp-content\/plugins\/pixfort-core\/functions\/images\/loading.webp\" data-src=\"https:\/\/europecodingschool.com\/wp-content\/uploads\/2023\/12\/akjansf.webp\" alt=\"Stack\" title=\"\"><\/div><\/div><\/div><\/div><div class=\"img-el\" ><div class=\"w-100 pix-bounce-sm pix-duration-slow\"><div class=\"animate-in d-inline-block w-100\" data-anim-type=\"fade-in-up\" data-anim-delay=\"500\"><div class=\"tilt\"><img loading=\"lazy\" decoding=\"async\" width=\"1000\" height=\"667\" class=\"pix-lazy rounded-lg shadow-lg shadow-hover-lg scale-sm d-inline-block\" loading=\"lazy\" data-srcset=\"\" src=\"https:\/\/europecodingschool.com\/wp-content\/plugins\/pixfort-core\/functions\/images\/loading.webp\" data-src=\"https:\/\/europecodingschool.com\/wp-content\/uploads\/2023\/12\/sql.webp\" alt=\"Stack\" title=\"\"><\/div><\/div><\/div><\/div><\/div>\t\t\t\t<\/div>\n\t\t\t\t<\/div>\n\t\t\t\t\t<\/div>\n\t\t<\/div>\n\t\t\t\t\t<\/div>\n\t\t<\/section>\n\t\t\t\t<section class=\"elementor-section elementor-top-section elementor-element elementor-element-3f6f11ad elementor-section-boxed elementor-section-height-default elementor-section-height-default\" data-id=\"3f6f11ad\" data-element_type=\"section\" data-e-type=\"section\">\n\t\t\t\t\t\t<div class=\"elementor-container elementor-column-gap-default\">\n\t\t\t\t\t<div class=\"elementor-column elementor-col-100 elementor-top-column elementor-element elementor-element-78d0158b\" data-id=\"78d0158b\" data-element_type=\"column\" data-e-type=\"column\">\n\t\t\t<div class=\"elementor-widget-wrap elementor-element-populated\">\n\t\t\t\t\t\t<div class=\"elementor-element elementor-element-51adc92b elementor-invisible elementor-widget elementor-widget-pix-badge\" data-id=\"51adc92b\" data-element_type=\"widget\" data-e-type=\"widget\" data-widget_type=\"pix-badge.default\">\n\t\t\t\t<div class=\"elementor-widget-container\">\n\t\t\t\t\t<div class=\"pix-element-div w-100 text-center\"><span class=\"pix-badge-element h6 d-inline-flex mr-1 animate-in\" data-anim-type=\"fade-in-left\" data-anim-delay=\"600\"><span class=\"badge font-weight-bold bg-gradient-primary-light  \" style=\" \"><span class=\"text-gradient-primary\" style=\"\">Akademik Proqram T\u0259tbiqi T\u0259liml\u0259r<\/span><\/span><\/span><\/div>\t\t\t\t<\/div>\n\t\t\t\t<\/div>\n\t\t\t\t<div class=\"elementor-element elementor-element-6b730b16 elementor-widget elementor-widget-pix-sliding-text\" data-id=\"6b730b16\" data-element_type=\"widget\" data-e-type=\"widget\" data-widget_type=\"pix-sliding-text.default\">\n\t\t\t\t<div class=\"elementor-widget-container\">\n\t\t\t\t\t<div id=\"sliding-text-57262783\" class=\"mb-3 text-center \"><div class=\"d-inline-block\" style=\"max-width:500px;\"><h3 class=\"mb-32 pix-sliding-headline-2 animate-in font-weight-bold secondary-font \" data-anim-type=\"pix-sliding-text\" pix-anim-delay=\"500\" data-class=\"secondary-font text-heading-default\" style=\"\"><span class=\"slide-in-container \"><span class=\"pix-sliding-item secondary-font text-heading-default\" style=\"transition-delay: 0ms;\">\u0130cma&#32;<\/span><\/span> <span class=\"slide-in-container \"><span class=\"pix-sliding-item secondary-font text-heading-default\" style=\"transition-delay: 150ms;\">daxilind\u0259&#32;<\/span><\/span> <span class=\"slide-in-container \"><span class=\"pix-sliding-item secondary-font text-heading-default\" style=\"transition-delay: 300ms;\">inki\u015faf&#32;<\/span><\/span> <span class=\"slide-in-container \"><span class=\"pix-sliding-item secondary-font text-heading-default\" style=\"transition-delay: 450ms;\">etdiril\u0259n&#32;<\/span><\/span> <span class=\"slide-in-container \"><span class=\"pix-sliding-item secondary-font text-heading-default\" style=\"transition-delay: 600ms;\">layih\u0259l\u0259r&#32;<\/span><\/span> <\/h3><\/div><\/div>\t\t\t\t<\/div>\n\t\t\t\t<\/div>\n\t\t\t\t\t<\/div>\n\t\t<\/div>\n\t\t\t\t\t<\/div>\n\t\t<\/section>\n\t\t\t\t<section class=\"elementor-section elementor-top-section elementor-element elementor-element-937599a elementor-section-boxed elementor-section-height-default elementor-section-height-default\" data-id=\"937599a\" data-element_type=\"section\" data-e-type=\"section\">\n\t\t\t\t\t\t<div class=\"elementor-container elementor-column-gap-default\">\n\t\t\t\t\t<div class=\"elementor-column elementor-col-33 elementor-top-column elementor-element elementor-element-418ea56d\" data-id=\"418ea56d\" data-element_type=\"column\" data-e-type=\"column\">\n\t\t\t<div class=\"elementor-widget-wrap elementor-element-populated\">\n\t\t\t\t\t\t<section class=\"animate-in elementor-section elementor-inner-section elementor-element elementor-element-3311d54c elementor-section-boxed elementor-section-height-default elementor-section-height-default\" data-anim-type=\"fade-in-up\" data-anim-delay=\"0\" data-id=\"3311d54c\" data-element_type=\"section\" data-e-type=\"section\">\n\t\t\t\t\t\t<div class=\"elementor-container elementor-column-gap-default\">\n\t\t\t\t\t<div class=\"elementor-column elementor-col-100 elementor-inner-column elementor-element elementor-element-f97bfca\" data-id=\"f97bfca\" data-element_type=\"column\" data-e-type=\"column\">\n\t\t\t<div class=\"elementor-widget-wrap elementor-element-populated\">\n\t\t\t\t\t\t<div class=\"elementor-element elementor-element-97d238c elementor-widget elementor-widget-pix-img\" data-id=\"97d238c\" data-element_type=\"widget\" data-e-type=\"widget\" data-widget_type=\"pix-img.default\">\n\t\t\t\t<div class=\"elementor-widget-container\">\n\t\t\t\t\t<div class=\"d-inline-block \" ><div class=\"pix-img-el    scale-sm center d-inline-block  w-100 rounded-0\"  ><img fetchpriority=\"high\" decoding=\"async\" class=\"card-img2 pix-img-elem rounded-0  h-1002\" style=\"height:auto;\" width=\"500\" height=\"500\" src=\"https:\/\/europecodingschool.com\/wp-content\/uploads\/2023\/12\/kis\u0327isel-finans-yo\u0308netimi.webp\" alt=\"Image link\" title=\"\"><\/div><\/div>\t\t\t\t<\/div>\n\t\t\t\t<\/div>\n\t\t\t\t<div class=\"elementor-element elementor-element-6b1800ca elementor-widget__width-auto elementor-invisible elementor-widget elementor-widget-pix-badge\" data-id=\"6b1800ca\" data-element_type=\"widget\" data-e-type=\"widget\" data-widget_type=\"pix-badge.default\">\n\t\t\t\t<div class=\"elementor-widget-container\">\n\t\t\t\t\t<span class=\"pix-badge-element h6 d-inline-flex mr-1 animate-in\" data-anim-type=\"fade-in-up\" data-anim-delay=\"300\"><span class=\"badge font-weight-bold secondary-font badge-pill bg-green  \" style=\" \"><span class=\"text-white\" style=\"\">\u018fsas<\/span><\/span><\/span>\t\t\t\t<\/div>\n\t\t\t\t<\/div>\n\t\t\t\t<div class=\"elementor-element elementor-element-46258f0b elementor-invisible elementor-widget elementor-widget-pix-feature\" data-id=\"46258f0b\" data-element_type=\"widget\" data-e-type=\"widget\" data-widget_type=\"pix-feature.default\">\n\t\t\t\t<div class=\"elementor-widget-container\">\n\t\t\t\t\t<div id=\"duo-icon-34329241\" class=\"pix-feature-el text-custom \"><h5 class=\"font-weight-bold   text-heading-default animate-in\" style=\"\" data-anim-type=\"fade-in-up\" data-anim-delay=\"150\">\u015e\u0259xsi Maliyy\u0259 \u0130dar\u0259etm\u0259 T\u0259tbiqi<\/h5><div class=\"text-body-default text-18     animate-in\" style=\"padding-top:10px;\" data-anim-type=\"fade-in-up\" data-anim-delay=\"250\">\u0130stifad\u0259\u00e7il\u0259rin g\u0259lir v\u0259 x\u0259rcl\u0259rini izl\u0259m\u0259l\u0259rin\u0259 k\u00f6m\u0259k ed\u0259c\u0259k bir t\u0259tbiq.<\/div><\/div>\t\t\t\t<\/div>\n\t\t\t\t<\/div>\n\t\t\t\t\t<\/div>\n\t\t<\/div>\n\t\t\t\t\t<\/div>\n\t\t<\/section>\n\t\t\t\t\t<\/div>\n\t\t<\/div>\n\t\t\t\t<div class=\"elementor-column elementor-col-33 elementor-top-column elementor-element elementor-element-1d9a9ba3\" data-id=\"1d9a9ba3\" data-element_type=\"column\" data-e-type=\"column\">\n\t\t\t<div class=\"elementor-widget-wrap elementor-element-populated\">\n\t\t\t\t\t\t<section class=\"animate-in elementor-section elementor-inner-section elementor-element elementor-element-242c846 elementor-section-boxed elementor-section-height-default elementor-section-height-default\" data-anim-type=\"fade-in-up\" data-anim-delay=\"0\" data-id=\"242c846\" data-element_type=\"section\" data-e-type=\"section\">\n\t\t\t\t\t\t<div class=\"elementor-container elementor-column-gap-default\">\n\t\t\t\t\t<div class=\"elementor-column elementor-col-100 elementor-inner-column elementor-element elementor-element-200c1db1\" data-id=\"200c1db1\" data-element_type=\"column\" data-e-type=\"column\">\n\t\t\t<div class=\"elementor-widget-wrap elementor-element-populated\">\n\t\t\t\t\t\t<div class=\"elementor-element elementor-element-32a2c315 elementor-widget elementor-widget-pix-img\" data-id=\"32a2c315\" data-element_type=\"widget\" data-e-type=\"widget\" data-widget_type=\"pix-img.default\">\n\t\t\t\t<div class=\"elementor-widget-container\">\n\t\t\t\t\t<div class=\"d-inline-block \" ><div class=\"pix-img-el    scale-sm center d-inline-block  w-100 rounded-0\"  ><img decoding=\"async\" class=\"card-img2 pix-img-elem rounded-0  h-1002\" style=\"height:auto;\" width=\"500\" height=\"500\" src=\"https:\/\/europecodingschool.com\/wp-content\/uploads\/2023\/12\/o\u0308deme.webp\" alt=\"Image link\" title=\"\"><\/div><\/div>\t\t\t\t<\/div>\n\t\t\t\t<\/div>\n\t\t\t\t<div class=\"elementor-element elementor-element-27e2c8a4 elementor-widget__width-auto elementor-invisible elementor-widget elementor-widget-pix-badge\" data-id=\"27e2c8a4\" data-element_type=\"widget\" data-e-type=\"widget\" data-widget_type=\"pix-badge.default\">\n\t\t\t\t<div class=\"elementor-widget-container\">\n\t\t\t\t\t<span class=\"pix-badge-element h6 d-inline-flex mr-1 animate-in\" data-anim-type=\"fade-in-up\" data-anim-delay=\"300\"><span class=\"badge font-weight-bold secondary-font badge-pill bg-yellow  \" style=\" \"><span class=\"text-white\" style=\"\">Orta<\/span><\/span><\/span>\t\t\t\t<\/div>\n\t\t\t\t<\/div>\n\t\t\t\t<div class=\"elementor-element elementor-element-7e33aa05 elementor-invisible elementor-widget elementor-widget-pix-feature\" data-id=\"7e33aa05\" data-element_type=\"widget\" data-e-type=\"widget\" data-widget_type=\"pix-feature.default\">\n\t\t\t\t<div class=\"elementor-widget-container\">\n\t\t\t\t\t<div id=\"duo-icon-100824556\" class=\"pix-feature-el text-custom \"><h5 class=\"font-weight-bold   text-heading-default animate-in\" style=\"\" data-anim-type=\"fade-in-up\" data-anim-delay=\"150\">Mobil Pulqab\u0131 T\u0259tbiqi<\/h5><div class=\"text-body-default text-18     animate-in\" style=\"padding-top:10px;\" data-anim-type=\"fade-in-up\" data-anim-delay=\"250\">\u0130stifad\u0259\u00e7il\u0259rin r\u0259q\u0259msal pulqab\u0131lar\u0131nda kriptovalyutalar\u0131 v\u0259 ya \u0259n\u0259n\u0259vi pul vahidl\u0259rini idar\u0259 etm\u0259l\u0259rin\u0259 imkan ver\u0259n bir mobil t\u0259tbiq.<\/div><\/div>\t\t\t\t<\/div>\n\t\t\t\t<\/div>\n\t\t\t\t\t<\/div>\n\t\t<\/div>\n\t\t\t\t\t<\/div>\n\t\t<\/section>\n\t\t\t\t\t<\/div>\n\t\t<\/div>\n\t\t\t\t<div class=\"elementor-column elementor-col-33 elementor-top-column elementor-element elementor-element-1d3eac85\" data-id=\"1d3eac85\" data-element_type=\"column\" data-e-type=\"column\">\n\t\t\t<div class=\"elementor-widget-wrap elementor-element-populated\">\n\t\t\t\t\t\t<section class=\"animate-in elementor-section elementor-inner-section elementor-element elementor-element-4ad19970 elementor-section-boxed elementor-section-height-default elementor-section-height-default\" data-anim-type=\"fade-in-up\" data-anim-delay=\"0\" data-id=\"4ad19970\" data-element_type=\"section\" data-e-type=\"section\">\n\t\t\t\t\t\t<div class=\"elementor-container elementor-column-gap-default\">\n\t\t\t\t\t<div class=\"elementor-column elementor-col-100 elementor-inner-column elementor-element elementor-element-15b41559\" data-id=\"15b41559\" data-element_type=\"column\" data-e-type=\"column\">\n\t\t\t<div class=\"elementor-widget-wrap elementor-element-populated\">\n\t\t\t\t\t\t<div class=\"elementor-element elementor-element-10165e4f elementor-widget elementor-widget-pix-img\" data-id=\"10165e4f\" data-element_type=\"widget\" data-e-type=\"widget\" data-widget_type=\"pix-img.default\">\n\t\t\t\t<div class=\"elementor-widget-container\">\n\t\t\t\t\t<div class=\"d-inline-block \" ><div class=\"pix-img-el    scale-sm center d-inline-block  w-100 rounded-0\"  ><img decoding=\"async\" class=\"card-img2 pix-img-elem rounded-0  h-1002\" style=\"height:auto;\" width=\"500\" height=\"500\" src=\"https:\/\/europecodingschool.com\/wp-content\/uploads\/2023\/12\/blockchain.webp\" alt=\"Image link\" title=\"\"><\/div><\/div>\t\t\t\t<\/div>\n\t\t\t\t<\/div>\n\t\t\t\t<div class=\"elementor-element elementor-element-7ed9017d elementor-widget__width-auto elementor-invisible elementor-widget elementor-widget-pix-badge\" data-id=\"7ed9017d\" data-element_type=\"widget\" data-e-type=\"widget\" data-widget_type=\"pix-badge.default\">\n\t\t\t\t<div class=\"elementor-widget-container\">\n\t\t\t\t\t<span class=\"pix-badge-element h6 d-inline-flex mr-1 animate-in\" data-anim-type=\"fade-in-up\" data-anim-delay=\"300\"><span class=\"badge font-weight-bold secondary-font badge-pill bg-secondary  \" style=\" \"><span class=\"text-white\" style=\"\">\u00c7\u0259tin<\/span><\/span><\/span>\t\t\t\t<\/div>\n\t\t\t\t<\/div>\n\t\t\t\t<div class=\"elementor-element elementor-element-27096e24 elementor-invisible elementor-widget elementor-widget-pix-feature\" data-id=\"27096e24\" data-element_type=\"widget\" data-e-type=\"widget\" data-widget_type=\"pix-feature.default\">\n\t\t\t\t<div class=\"elementor-widget-container\">\n\t\t\t\t\t<div id=\"duo-icon-183440568\" class=\"pix-feature-el text-custom \"><h5 class=\"font-weight-bold   text-heading-default animate-in\" style=\"\" data-anim-type=\"fade-in-up\" data-anim-delay=\"150\">Blok\u00e7eyn \u018fsasl\u0131 \u00d6d\u0259m\u0259 Sistemi<\/h5><div class=\"text-body-default text-18     animate-in\" style=\"padding-top:10px;\" data-anim-type=\"fade-in-up\" data-anim-delay=\"250\">Blok\u00e7eyn texnologiyas\u0131 istifad\u0259 ed\u0259r\u0259k t\u0259hl\u00fck\u0259siz v\u0259 s\u00fcr\u0259tli \u00f6d\u0259m\u0259 \u0259m\u0259liyyatlar\u0131n\u0131 d\u0259st\u0259kl\u0259y\u0259n bir sistem.<\/div><\/div>\t\t\t\t<\/div>\n\t\t\t\t<\/div>\n\t\t\t\t\t<\/div>\n\t\t<\/div>\n\t\t\t\t\t<\/div>\n\t\t<\/section>\n\t\t\t\t\t<\/div>\n\t\t<\/div>\n\t\t\t\t\t<\/div>\n\t\t<\/section>\n\t\t\t\t<\/div>\n\t\t","protected":false},"excerpt":{"rendered":"<p>Mali Texnologiyalar Birliyi N\u0259dir? Mali Texnologiyalar (Fintech) Birliyi, maliyy\u0259 sektorundak\u0131 texnoloji inki\u015faflar\u0131 izl\u0259y\u0259n v\u0259 bu sah\u0259d\u0259 maraqlanan m\u00fct\u0259x\u0259ssisl\u0259rin bir araya g\u0259ldiyi bir birlikdir. Bu birlik, \u00f6d\u0259m\u0259 sisteml\u0259ri, r\u0259q\u0259msal bank\u00e7\u0131l\u0131q, kriptovalyutalar, s\u00fcni intellekt d\u0259st\u0259kli maliyy\u0259 xidm\u0259tl\u0259ri v\u0259 dig\u0259r maliyy\u0259 texnologiyalar\u0131 sah\u0259l\u0259ri&#8230;<\/p>\n","protected":false},"author":2,"featured_media":0,"parent":0,"menu_order":0,"comment_status":"closed","ping_status":"closed","template":"","meta":{"footnotes":""},"class_list":["post-15699","page","type-page","status-publish","hentry"],"_links":{"self":[{"href":"https:\/\/europecodingschool.com\/az\/wp-json\/wp\/v2\/pages\/15699","targetHints":{"allow":["GET"]}}],"collection":[{"href":"https:\/\/europecodingschool.com\/az\/wp-json\/wp\/v2\/pages"}],"about":[{"href":"https:\/\/europecodingschool.com\/az\/wp-json\/wp\/v2\/types\/page"}],"author":[{"embeddable":true,"href":"https:\/\/europecodingschool.com\/az\/wp-json\/wp\/v2\/users\/2"}],"replies":[{"embeddable":true,"href":"https:\/\/europecodingschool.com\/az\/wp-json\/wp\/v2\/comments?post=15699"}],"version-history":[{"count":1,"href":"https:\/\/europecodingschool.com\/az\/wp-json\/wp\/v2\/pages\/15699\/revisions"}],"predecessor-version":[{"id":15700,"href":"https:\/\/europecodingschool.com\/az\/wp-json\/wp\/v2\/pages\/15699\/revisions\/15700"}],"wp:attachment":[{"href":"https:\/\/europecodingschool.com\/az\/wp-json\/wp\/v2\/media?parent=15699"}],"curies":[{"name":"wp","href":"https:\/\/api.w.org\/{rel}","templated":true}]}}