{"id":15688,"date":"2023-12-13T12:23:23","date_gmt":"2023-12-13T12:23:23","guid":{"rendered":"https:\/\/europecodingschool.com\/m%c9%99saf%c9%99li-satis-muqavil%c9%99si\/"},"modified":"2025-10-24T21:05:48","modified_gmt":"2025-10-24T21:05:48","slug":"m%c9%99saf%c9%99li-satis-muqavil%c9%99si","status":"publish","type":"page","link":"https:\/\/europecodingschool.com\/az\/m%c9%99saf%c9%99li-satis-muqavil%c9%99si\/","title":{"rendered":"M\u0259saf\u0259li Sat\u0131\u015f M\u00fcqavil\u0259si"},"content":{"rendered":"\t\t<div data-elementor-type=\"wp-page\" data-elementor-id=\"15688\" class=\"elementor elementor-15688 elementor-13995\" data-elementor-post-type=\"page\">\n\t\t\t\t<div class=\"elementor-element elementor-element-1544743 e-flex e-con-boxed e-con e-parent\" data-id=\"1544743\" data-element_type=\"container\" data-e-type=\"container\">\n\t\t\t\t\t<div class=\"e-con-inner\">\n\t\t\t\t<div class=\"elementor-element elementor-element-2a81cf3 elementor-widget elementor-widget-text-editor\" data-id=\"2a81cf3\" data-element_type=\"widget\" data-e-type=\"widget\" data-widget_type=\"text-editor.default\">\n\t\t\t\t<div class=\"elementor-widget-container\">\n\t\t\t\t\t\t\t\t\t<ol><li><strong>T\u0259chizat\u00e7\u0131 M\u0259lumatlar\u0131:<\/strong><\/li><\/ol><p>\u00dcnvan\u0131: Ecodation Teknoloji Yaz\u0131l\u0131m S\u0259naye v\u0259 Ticar\u0259t Ltd.\u015eti. \u00dcnvan: Y\u0131ld\u0131z Texnopark A1 Blok 1B42 Esenler \u0130stanbul Telefon : 0212 934 10 84 E-po\u00e7t \u00dcnvan\u0131: hello@europecodingschool.com<\/p><ol><li><strong>Sor\u011fu v\u0259 \u015eikay\u0259tl\u0259rin \u00dcnvanlanaca\u011f\u0131 \u015e\u0259xs: Ahmet Deniz<\/strong><\/li><\/ol><p>\u018flaq\u0259 M\u0259lumatlar\u0131: Telefon: 0554 855 53 79 E-po\u00e7t \u00dcnvan\u0131: hello@europecodingschool.com<\/p><ol><li><strong> M\u00fcqavil\u0259nin Predmeti Olan Xidm\u0259tin \u018fsas X\u00fcsusiyy\u0259tl\u0259ri:<\/strong><\/li><\/ol><p><strong>3.1. T\u0259hsil Proqram\u0131:<\/strong><\/p><p><strong>3.2. Portal \u0130stifad\u0259sinin Ba\u015flama Tarixi:<\/strong><\/p><p><strong>3.3. \u0130stifad\u0259 M\u00fcdd\u0259ti:<\/strong><\/p><ol><li><strong> B\u00fct\u00fcn Vergil\u0259r Daxil Olmaqla Sat\u0131\u015f Qiym\u0259ti<\/strong><\/li><\/ol><p>B\u00fct\u00fcn Vergil\u0259r Daxil Olmaqla Xidm\u0259tin N\u0259\u011fd Sat\u0131\u015f Qiym\u0259ti :<\/p><ol><li><strong> \u00d6d\u0259ni\u015fin Nec\u0259 H\u0259yata Ke\u00e7iril\u0259c\u0259yi:<\/strong><\/li><\/ol><p>Bu m\u00fcqavil\u0259 \u00e7\u0259r\u00e7iv\u0259sind\u0259 xidm\u0259t\/t\u0259hsil \u00fc\u00e7\u00fcn \u00f6d\u0259ni\u015f kredit kart\u0131\/EFT\/K\u00f6\u00e7\u00fcrm\u0259 yolu il\u0259 edil\u0259 bil\u0259r.<\/p><ol><li><strong> \u0130mtina H\u00fcququ<\/strong><\/li><\/ol><p>M\u00fcqavil\u0259d\u0259n imtina m\u00fcdd\u0259ti m\u00fcqavil\u0259nin imzaland\u0131\u011f\u0131 andan etibar\u0259n ba\u015flay\u0131r v\u0259 on d\u00f6rd (14) g\u00fcnd\u00fcr. \u0130stifad\u0259\u00e7i bu m\u00fcdd\u0259t \u0259rzind\u0259 he\u00e7 bir h\u00fcquqi v\u0259 cinay\u0259t m\u0259suliyy\u0259ti da\u015f\u0131madan v\u0259 he\u00e7 bir s\u0259b\u0259b g\u00f6st\u0259rm\u0259d\u0259n m\u00fcqavil\u0259d\u0259n imtina etm\u0259k h\u00fcququna malikdir. \u0130mtina b\u0259yanat\u0131n\u0131n t\u0259chizat\u00e7\u0131 Europe Coding School-a \u00e7atd\u0131r\u0131ld\u0131\u011f\u0131n\u0131 s\u00fcbut etm\u0259k \u00f6hd\u0259liyi \u0130stifad\u0259\u00e7iy\u0259 aiddir. Bu m\u00fcdd\u0259t ke\u00e7dikd\u0259n sonra edil\u0259c\u0259k m\u00fcqavil\u0259nin l\u0259\u011fvi t\u0259l\u0259bl\u0259ri m\u00fcqavil\u0259 m\u00fcdd\u0259alar\u0131na uy\u011fun olaraq yekunla\u015fd\u0131r\u0131lacaqd\u0131r. Siz\u0259 veril\u0259c\u0259k istifad\u0259\u00e7i v\u0259 \u015fifr\u0259 m\u0259lumatlar\u0131 il\u0259 daxil oldu\u011funuz internet saytlar\u0131nda olan r\u0259q\u0259msal m\u0259zmunlara icaz\u0259niz olanlar\u0131 d\u0259rhal \u0259ld\u0259 etm\u0259k v\u0259 ya y\u00fckl\u0259m\u0259k imkan\u0131na sahib olacaqs\u0131n\u0131z. Bu s\u0259b\u0259bd\u0259n, veril\u0259n istifad\u0259\u00e7i ad\u0131 v\u0259 \u015fifr\u0259 il\u0259 daxil olundu\u011fu t\u0259qdird\u0259 m\u0259zmuna daxil olunmu\u015f hesab edilir v\u0259 M\u0259saf\u0259li M\u00fcqavil\u0259l\u0259r Qaydalar\u0131n\u0131n \u201c\u0130mtina h\u00fcququnun istisnalar\u0131\u201d adl\u0131 15-ci madd\u0259sinin e, h v\u0259 \u011f b\u0259ndl\u0259rind\u0259 n\u0259z\u0259rd\u0259 tutulan istisnalar \u00e7\u0259r\u00e7iv\u0259sind\u0259 oldu\u011fundan imtina h\u00fcququndan istifad\u0259 edil\u0259 bilm\u0259z. (e) Mal\u0131n t\u0259hvil verilm\u0259sind\u0259n sonra qabla\u015fd\u0131rma, lent, m\u00f6h\u00fcr, paket kimi qoruyucu elementl\u0259ri a\u00e7\u0131lm\u0131\u015f oldu\u011fu t\u0259qdird\u0259 maddi m\u00fchitd\u0259 t\u0259qdim olunan kitab, r\u0259q\u0259msal m\u0259zmun v\u0259 komp\u00fcter s\u0259rf materiallar\u0131na dair m\u00fcqavil\u0259l\u0259r, \u011f) Elektronik m\u00fchitd\u0259 d\u0259rhal icra edil\u0259n xidm\u0259tl\u0259r v\u0259 ya istehlak\u00e7\u0131ya d\u0259rhal t\u0259hvil veril\u0259n qeyri-maddi mallara dair m\u00fcqavil\u0259l\u0259r, h) \u0130mtina h\u00fcququ m\u00fcdd\u0259ti bitm\u0259zd\u0259n \u0259vv\u0259l, istehlak\u00e7\u0131n\u0131n raz\u0131l\u0131\u011f\u0131 il\u0259 icras\u0131na ba\u015flan\u0131lan xidm\u0259tl\u0259r\u0259 dair m\u00fcqavil\u0259l\u0259r.). Bu s\u0259b\u0259bd\u0259n, 14 g\u00fcnl\u00fck imtina m\u00fcdd\u0259ti \u0259rzind\u0259 xidm\u0259tin g\u00f6st\u0259rilm\u0259sin\u0259 ba\u015fland\u0131\u011f\u0131 t\u0259qdird\u0259, imtina h\u00fcququnuzu \u0259n geci xidm\u0259tin ba\u015flad\u0131\u011f\u0131 g\u00fcnd\u0259n bir g\u00fcn \u0259vv\u0259l bildirm\u0259yiniz t\u0259l\u0259b olunur. \u018fks halda, m\u00fcqavil\u0259nin l\u0259\u011fvin\u0259 dair t\u0259l\u0259bl\u0259riniz, m\u00fcqavil\u0259d\u0259 yaz\u0131l\u0131 olan l\u0259\u011fv m\u00fcdd\u0259alar\u0131na uy\u011fun olaraq yekunla\u015fd\u0131r\u0131lacaqd\u0131r. <strong><u>\u0130mtina H\u00fcququ \u00dc\u00e7\u00fcn \u018flaq\u0259 M\u0259lumatlar\u0131<\/u><\/strong> \u00dcnvan\u0131 : Ecodation Teknoloji Yaz\u0131l\u0131m S\u0259naye v\u0259 Ticar\u0259t Ltd.\u015eti. \u00dcnvan: Y\u0131ld\u0131z Texnopark A1 Blok 1B42 Esenler \u0130stanbul Telefon : 0212 934 10 84 E-po\u00e7t \u00dcnvan\u0131: info@ecodation.com <\/p><ol><li>Bu ilkin m\u0259lumat forumundak\u0131 \u00f6hd\u0259likl\u0259rimiz t\u0259sdiqinizd\u0259n etibar\u0259n 10 g\u00fcn m\u00fcdd\u0259tind\u0259 etibarl\u0131d\u0131r. 10 g\u00fcn \u0259rzind\u0259 internet \u00fcz\u0259rind\u0259n \u201cT\u018fHS\u0130L SATI\u015e M\u00dcQAV\u0130L\u018fS\u0130\u201d ba\u011flamad\u0131\u011f\u0131n\u0131z t\u0259qdird\u0259, sistem\u0259 daxil olub yenid\u0259n t\u0259sdiq \u0259m\u0259liyyat\u0131 aparma\u011f\u0131n\u0131z t\u0259l\u0259b olunur. 18 ya\u015f\u0131n\u0131z tamam olmay\u0131bsa, t\u0259sdiq v\u0259 m\u00fcqavil\u0259 ba\u011flama \u0259m\u0259liyyat\u0131n\u0131 sizin ad\u0131n\u0131za valideyniniz v\u0259 ya q\u0259yyumunuz h\u0259yata ke\u00e7irm\u0259lidir.  <\/li><li>Bu M\u00fcqavil\u0259d\u0259n yarana bil\u0259c\u0259k m\u00fcbahis\u0259l\u0259rd\u0259, G\u00f6mr\u00fck v\u0259 Ticar\u0259t Nazirliyi t\u0259r\u0259find\u0259n qanunvericiliy\u0259 \u0259sas\u0259n h\u0259r il m\u00fc\u0259yy\u0259n edil\u0259n-elan edil\u0259n pul h\u0259ddl\u0259ri daxilind\u0259 \u0130l v\u0259 Rayon \u0130stehlak\u00e7\u0131 Arbitraj Komit\u0259l\u0259ri, bu h\u0259ddl\u0259ri a\u015fan hallarda is\u0259 \u0130stehlak\u00e7\u0131 M\u0259hk\u0259m\u0259l\u0259ri s\u0259lahiyy\u0259tlidir. \u0130stifad\u0259\u00e7i, bu \u00e7\u0259r\u00e7iv\u0259d\u0259, \u00f6z\u00fcn\u00fcn v\u0259 ya ist\u0259rs\u0259 T\u0259chizat\u00e7\u0131n\u0131n ya\u015fay\u0131\u015f yerind\u0259ki (qeydiyyat \u00fcnvan\u0131ndak\u0131) Arbitraj Komit\u0259l\u0259rin\u0259 v\u0259 \u0130stehlak\u00e7\u0131 M\u0259hk\u0259m\u0259l\u0259rin\u0259 m\u00fcraci\u0259t ed\u0259 bil\u0259r.<\/li><\/ol><p>Geri Qaytarma Proseduru: \u0130stifad\u0259\u00e7inin bu m\u00fcqavil\u0259 \u00e7\u0259r\u00e7iv\u0259sind\u0259 m\u0259zmunun t\u0259qdim edilm\u0259m\u0259si, q\u00fcsurlu t\u0259qdim edilm\u0259si v\u0259 s. kimi s\u0259b\u0259bl\u0259rl\u0259 imtina h\u00fcququndan istifad\u0259 etdiyi hallarda v\u0259 ya \u0130stehlak\u00e7\u0131 Probleml\u0259ri Arbitraj Komit\u0259sinin q\u0259rarlar\u0131 il\u0259 \u0130stifad\u0259\u00e7iy\u0259 \u00f6d\u0259ni\u015fin geri qaytar\u0131lmas\u0131na q\u0259rar veril\u0259n hallarda, al\u0131\u015f-veri\u015f kredit kart\u0131 il\u0259 t\u0259k \u00e7\u0259kim v\u0259 ya hiss\u0259li \u015f\u0259kild\u0259 edilibs\u0259, kredit kart\u0131na geri qaytarma proseduru bank t\u0259r\u0259find\u0259n m\u00fc\u0259yy\u0259n edil\u0259c\u0259kdir. \u0130stifad\u0259\u00e7i, m\u00fcvafiq bank t\u0259r\u0259find\u0259n t\u0259tbiq edil\u0259c\u0259k geri qaytarma prosedurunu \u0259vv\u0259lc\u0259d\u0259n q\u0259bul etdiyini q\u0259bul v\u0259 \u00f6hd\u0259sin\u0259 g\u00f6t\u00fcr\u00fcr. <strong>H\u00f6rm\u0259tli \u0130stifad\u0259\u00e7i Namiz\u0259dimiz;<\/strong> Qurumumuzla internet \u00fcz\u0259rind\u0259n \u201cT\u018fHS\u0130L SATI\u015e M\u00dcQAV\u0130L\u018fS\u0130\u201d ba\u011flamaq ist\u0259yirsinizs\u0259, ilk n\u00f6vb\u0259d\u0259 qanunvericiliy\u0259 \u0259sas\u0259n m\u00fcqavil\u0259ni t\u0259sdiql\u0259m\u0259zd\u0259n \u0259vv\u0259l siz\u0259 \u00e7atd\u0131r\u0131lmas\u0131 m\u0259cburi olan ilkin m\u0259lumatlar\u0131n yer ald\u0131\u011f\u0131 bu formu d\u00fczg\u00fcn v\u0259 tam \u015f\u0259kild\u0259 \u0259ld\u0259 etdiyinizi, TC \u015f\u0259xsiyy\u0259t n\u00f6mr\u0259nizi daxil etdikd\u0259n sonra q\u0259bul linkin\u0259 klikl\u0259y\u0259r\u0259k t\u0259sdiq edin. T\u0259sdiq etdiyiniz t\u0259qdird\u0259 t\u0259hsil m\u0259saf\u0259li sat\u0131\u015f m\u00fcqavil\u0259si s\u0259hif\u0259sin\u0259 y\u00f6nl\u0259ndiril\u0259c\u0259ksiniz. M\u00fcqavil\u0259ni oxuduqdan sonra xidm\u0259t haqq\u0131n\u0131 tamamil\u0259 v\u0259 ya qism\u0259n, yaln\u0131z \u015f\u0259xsinizin bilm\u0259si laz\u0131m olan kredit kart\u0131 m\u0259lumatlar\u0131n\u0131 daxil ed\u0259r\u0259k \u00f6d\u0259diyiniz anda m\u00fcqavil\u0259 ba\u011flanm\u0131\u015f olacaqd\u0131r. T\u0259r\u0259fl\u0259rin raz\u0131la\u015fd\u0131\u011f\u0131 m\u00fcqavil\u0259 e-po\u00e7t \u00fcnvan\u0131n\u0131za g\u00f6nd\u0259ril\u0259c\u0259kdir.    <\/p>\t\t\t\t\t\t\t\t<\/div>\n\t\t\t\t<\/div>\n\t\t\t\t\t<\/div>\n\t\t\t\t<\/div>\n\t\t\t\t<\/div>\n\t\t","protected":false},"excerpt":{"rendered":"<p>T\u0259chizat\u00e7\u0131 M\u0259lumatlar\u0131: \u00dcnvan\u0131: Ecodation Teknoloji Yaz\u0131l\u0131m S\u0259naye v\u0259 Ticar\u0259t Ltd.\u015eti. \u00dcnvan: Y\u0131ld\u0131z Texnopark A1 Blok 1B42 Esenler \u0130stanbul Telefon : 0212 934 10 84 E-po\u00e7t \u00dcnvan\u0131: hello@europecodingschool.com Sor\u011fu v\u0259 \u015eikay\u0259tl\u0259rin \u00dcnvanlanaca\u011f\u0131 \u015e\u0259xs: Ahmet Deniz \u018flaq\u0259 M\u0259lumatlar\u0131: Telefon: 0554 855 53&#8230;<\/p>\n","protected":false},"author":2,"featured_media":0,"parent":0,"menu_order":0,"comment_status":"closed","ping_status":"closed","template":"","meta":{"footnotes":""},"class_list":["post-15688","page","type-page","status-publish","hentry"],"_links":{"self":[{"href":"https:\/\/europecodingschool.com\/az\/wp-json\/wp\/v2\/pages\/15688","targetHints":{"allow":["GET"]}}],"collection":[{"href":"https:\/\/europecodingschool.com\/az\/wp-json\/wp\/v2\/pages"}],"about":[{"href":"https:\/\/europecodingschool.com\/az\/wp-json\/wp\/v2\/types\/page"}],"author":[{"embeddable":true,"href":"https:\/\/europecodingschool.com\/az\/wp-json\/wp\/v2\/users\/2"}],"replies":[{"embeddable":true,"href":"https:\/\/europecodingschool.com\/az\/wp-json\/wp\/v2\/comments?post=15688"}],"version-history":[{"count":1,"href":"https:\/\/europecodingschool.com\/az\/wp-json\/wp\/v2\/pages\/15688\/revisions"}],"predecessor-version":[{"id":15689,"href":"https:\/\/europecodingschool.com\/az\/wp-json\/wp\/v2\/pages\/15688\/revisions\/15689"}],"wp:attachment":[{"href":"https:\/\/europecodingschool.com\/az\/wp-json\/wp\/v2\/media?parent=15688"}],"curies":[{"name":"wp","href":"https:\/\/api.w.org\/{rel}","templated":true}]}}