{"id":15659,"date":"2023-12-19T13:20:14","date_gmt":"2023-12-19T13:20:14","guid":{"rendered":"https:\/\/europecodingschool.com\/suni-intellekt-c%c9%99miyy%c9%99ti\/"},"modified":"2025-10-24T21:03:31","modified_gmt":"2025-10-24T21:03:31","slug":"suni-intellekt-c%c9%99miyy%c9%99ti","status":"publish","type":"page","link":"https:\/\/europecodingschool.com\/az\/suni-intellekt-c%c9%99miyy%c9%99ti\/","title":{"rendered":"S\u00fcni \u0130ntellekt C\u0259miyy\u0259ti"},"content":{"rendered":"\t\t<div data-elementor-type=\"wp-page\" data-elementor-id=\"15659\" class=\"elementor elementor-15659 elementor-14176\" data-elementor-post-type=\"page\">\n\t\t\t\t\t\t<section data-pix-dividers=\"&lt;div class=&quot;pix-divider  position-relative pix-bottom-divider&quot; data-style=&quot;style-8&quot; &gt;&lt;svg xmlns=&quot;http:\/\/www.w3.org\/2000\/svg&quot; width=&quot;100%&quot; height=&quot;300px&quot; viewBox=&quot;0 0 1200 366&quot; preserveAspectRatio=&quot;none&quot;&gt;&lt;g class=&quot;animate-in&quot; data-anim-type=&quot;fade-in-up&quot; data-anim-delay=&quot;300&quot;&gt;&lt;polygon fill=&quot;url(#divider-pix-accordion-941243-bottom-overlay-layer-3)&quot; points=&quot;0 240 1200 0 1200 366 0 366&quot; \/&gt;&lt;\/g&gt;&lt;polygon fill=&quot;#FFFFFF00&quot;  points=&quot;0 300 1200 60 1200 366 0 366&quot; \/&gt;&lt;polygon fill=&quot;#ffffff&quot; points=&quot;0 360 1200 120 1200 366 0 366&quot;\/&gt;&lt;defs&gt;&lt;linearGradient id=&quot;divider-pix-accordion-941243-bottom-overlay-layer-3&quot; x1=&quot;0%&quot; y1=&quot;0%&quot; x2=&quot;100%&quot; y2=&quot;0%&quot;&gt;&lt;stop offset=&quot;0%&quot;   stop-color=&quot;#00000014&quot;\/&gt;&lt;stop offset=&quot;100%&quot;   stop-color=&quot;#FFFFFF03&quot;\/&gt;&lt;\/linearGradient&gt;&lt;\/defs&gt;&lt;\/svg&gt;&lt;\/div&gt;\" class=\"elementor-section elementor-top-section elementor-element elementor-element-687151cf elementor-section-boxed elementor-section-height-default elementor-section-height-default\" data-id=\"687151cf\" data-element_type=\"section\" data-e-type=\"section\" data-settings=\"{&quot;background_background&quot;:&quot;classic&quot;}\">\n\t\t\t\t\t\t<div class=\"elementor-container elementor-column-gap-default\">\n\t\t\t\t\t<div class=\"elementor-column elementor-col-50 elementor-top-column elementor-element elementor-element-46a6c8e3\" data-id=\"46a6c8e3\" data-element_type=\"column\" data-e-type=\"column\">\n\t\t\t<div class=\"elementor-widget-wrap elementor-element-populated\">\n\t\t\t\t\t\t<div class=\"elementor-element elementor-element-2dc4d328 elementor-widget elementor-widget-pix-highlighted-text\" data-id=\"2dc4d328\" data-element_type=\"widget\" data-e-type=\"widget\" data-widget_type=\"pix-highlighted-text.default\">\n\t\t\t\t<div class=\"elementor-widget-container\">\n\t\t\t\t\t<div id=\"highlighted-text-17463287\" class=\"pix-highlighted-element text-left \"><h2 class=\"pix-highlighted-items \" style=\"\" data-anim-type=\"\" data-anim-delay=\"\"><span id=\"highlighted-text-17463287-0\" class=\" elementor-repeater-item-d38df35\"><span class=\"pix-highlighted-text pix-highlight-item font-weight-normal  heading-font text-heading-default\"><\/span><\/span><span id=\"highlighted-text-17463287-1\" class=\"pix-highlight-bg align-middle2   elementor-repeater-item-b2f5606 highlighted-text-17463287-1 animate-in\" data-anim-type=\"highlight-grow\" data-anim-delay=\"200\"><span class=\"pix-highlighted-text  pix-highlight-item font-weight-normal  font-weight-bold heading-font text-heading-default\">S\u00fcni \u0130ntellekt C\u0259miyy\u0259ti  <\/span><\/span><span id=\"highlighted-text-17463287-2\" class=\" elementor-repeater-item-3d6442b\"><span class=\"pix-highlighted-text pix-highlight-item font-weight-normal  heading-font text-heading-default\">N\u0259dir?<\/span><\/span><\/h2><\/div>\t\t\t\t<\/div>\n\t\t\t\t<\/div>\n\t\t\t\t<div class=\"elementor-element elementor-element-5d7d94c9 elementor-widget elementor-widget-pix-text\" data-id=\"5d7d94c9\" data-element_type=\"widget\" data-e-type=\"widget\" data-widget_type=\"pix-text.default\">\n\t\t\t\t<div class=\"elementor-widget-container\">\n\t\t\t\t\t<div class=\"pix-el-text w-100 text-left \" ><p class=\" resp-option text-dark-opacity-5 text-left \" >S\u00fcni \u0130ntellekt C\u0259miyy\u0259ti, s\u00fcni intellekt sah\u0259sind\u0259 maraql\u0131 \u015f\u0259xsl\u0259rin, t\u0259dqiqat\u00e7\u0131lar\u0131n, t\u0259rtibat\u00e7\u0131lar\u0131n v\u0259 h\u0259v\u0259skar f\u0259rdl\u0259rin bir araya g\u0259ldiyi bir c\u0259miyy\u0259tdir. Bu c\u0259miyy\u0259t s\u00fcni intellektl\u0259 ba\u011fl\u0131 m\u00f6vzular\u0131 m\u00fczakir\u0259 etm\u0259k, bilik m\u00fcbadil\u0259si aparmaq, t\u0259cr\u00fcb\u0259l\u0259rini b\u00f6l\u00fc\u015fm\u0259k v\u0259 yeni inki\u015faflar\u0131 izl\u0259m\u0259k m\u0259qs\u0259dil\u0259 toplan\u0131r. S\u00fcni intellekt c\u0259miyy\u0259ti t\u0259dbirl\u0259r, seminarlar, konfranslar v\u0259 onlayn platformalar vasit\u0259sil\u0259 \u00fcnsiyy\u0259t qurur. Bu c\u0259miyy\u0259t s\u00fcni intellekt sah\u0259sind\u0259ki yenilikl\u0259ri d\u0259st\u0259kl\u0259y\u0259r\u0259k, bilik m\u00fcbadil\u0259sini t\u0259\u015fviq ed\u0259r\u0259k v\u0259 bu texnologiyan\u0131n etik v\u0259 sosial \u00f6l\u00e7\u00fcl\u0259ri haqq\u0131nda m\u0259lumatl\u0131l\u0131\u011f\u0131 art\u0131raraq s\u00fcni intellekt sah\u0259sind\u0259 davaml\u0131 inki\u015fafa t\u00f6hf\u0259 verir.   <\/p><\/div>\t\t\t\t<\/div>\n\t\t\t\t<\/div>\n\t\t\t\t<div class=\"elementor-element elementor-element-e640045 elementor-widget elementor-widget-pix-text\" data-id=\"e640045\" data-element_type=\"widget\" data-e-type=\"widget\" data-widget_type=\"pix-text.default\">\n\t\t\t\t<div class=\"elementor-widget-container\">\n\t\t\t\t\t<div class=\"pix-el-text w-100 text-left \" ><p class=\" resp-option text-dark-opacity-5 text-left font-weight-bold\" >Bu c\u0259miyy\u0259t\u0259 qo\u015fularaq S\u00fcni \u0130ntellekt sah\u0259sind\u0259 bilik v\u0259 s\u0259ri\u015ft\u0259 qazanm\u0131\u015f olacaqs\u0131n\u0131z.<\/p><\/div>\t\t\t\t<\/div>\n\t\t\t\t<\/div>\n\t\t\t\t\t<\/div>\n\t\t<\/div>\n\t\t\t\t<div class=\"elementor-column elementor-col-50 elementor-top-column elementor-element elementor-element-281ee912\" data-id=\"281ee912\" data-element_type=\"column\" data-e-type=\"column\">\n\t\t\t<div class=\"elementor-widget-wrap elementor-element-populated\">\n\t\t\t\t\t\t<div class=\"elementor-element elementor-element-69728c41 elementor-invisible elementor-widget elementor-widget-pix-photo-stack\" data-id=\"69728c41\" data-element_type=\"widget\" data-e-type=\"widget\" data-widget_type=\"pix-photo-stack.default\">\n\t\t\t\t<div class=\"elementor-widget-container\">\n\t\t\t\t\t<div class=\"pix-photo-stack pix-img-2 \"><div class=\"img-el\" ><div class=\"w-100 pix-bounce-sm pix-duration-slow\"><div class=\"animate-in d-inline-block w-100\" data-anim-type=\"fade-in-up\" data-anim-delay=\"400\"><div class=\"tilt\"><img loading=\"lazy\" decoding=\"async\" width=\"1000\" height=\"667\" class=\"pix-lazy rounded-lg shadow-lg shadow-hover-lg scale-sm d-inline-block\" loading=\"lazy\" data-srcset=\"\" src=\"https:\/\/europecodingschool.com\/wp-content\/plugins\/pixfort-core\/functions\/images\/loading.webp\" data-src=\"https:\/\/europecodingschool.com\/wp-content\/uploads\/2023\/12\/big-data.webp\" alt=\"Stack\" title=\"\"><\/div><\/div><\/div><\/div><div class=\"img-el\" ><div class=\"w-100 pix-bounce-sm pix-duration-slow\"><div class=\"animate-in d-inline-block w-100\" data-anim-type=\"fade-in-up\" data-anim-delay=\"500\"><div class=\"tilt\"><img loading=\"lazy\" decoding=\"async\" width=\"1000\" height=\"667\" class=\"pix-lazy rounded-lg shadow-lg shadow-hover-lg scale-sm d-inline-block\" loading=\"lazy\" data-srcset=\"\" src=\"https:\/\/europecodingschool.com\/wp-content\/plugins\/pixfort-core\/functions\/images\/loading.webp\" data-src=\"https:\/\/europecodingschool.com\/wp-content\/uploads\/2023\/12\/yapay-zeka.webp\" alt=\"Stack\" title=\"\"><\/div><\/div><\/div><\/div><\/div>\t\t\t\t<\/div>\n\t\t\t\t<\/div>\n\t\t\t\t\t<\/div>\n\t\t<\/div>\n\t\t\t\t\t<\/div>\n\t\t<\/section>\n\t\t\t\t<section class=\"elementor-section elementor-top-section elementor-element elementor-element-e7414dd elementor-section-boxed elementor-section-height-default elementor-section-height-default\" data-id=\"e7414dd\" data-element_type=\"section\" data-e-type=\"section\">\n\t\t\t\t\t\t<div class=\"elementor-container elementor-column-gap-default\">\n\t\t\t\t\t<div class=\"elementor-column elementor-col-100 elementor-top-column elementor-element elementor-element-1f0bf6c4\" data-id=\"1f0bf6c4\" data-element_type=\"column\" data-e-type=\"column\">\n\t\t\t<div class=\"elementor-widget-wrap elementor-element-populated\">\n\t\t\t\t\t\t<div class=\"elementor-element elementor-element-66fe18b1 elementor-invisible elementor-widget elementor-widget-pix-badge\" data-id=\"66fe18b1\" data-element_type=\"widget\" data-e-type=\"widget\" data-widget_type=\"pix-badge.default\">\n\t\t\t\t<div class=\"elementor-widget-container\">\n\t\t\t\t\t<div class=\"pix-element-div w-100 text-center\"><span class=\"pix-badge-element h6 d-inline-flex mr-1 animate-in\" data-anim-type=\"fade-in-left\" data-anim-delay=\"600\"><span class=\"badge font-weight-bold bg-gradient-primary-light  \" style=\" \"><span class=\"text-gradient-primary\" style=\"\">Akademik Proqram T\u0259tbiqi T\u0259liml\u0259r<\/span><\/span><\/span><\/div>\t\t\t\t<\/div>\n\t\t\t\t<\/div>\n\t\t\t\t<div class=\"elementor-element elementor-element-57ff9363 elementor-widget elementor-widget-pix-sliding-text\" data-id=\"57ff9363\" data-element_type=\"widget\" data-e-type=\"widget\" data-widget_type=\"pix-sliding-text.default\">\n\t\t\t\t<div class=\"elementor-widget-container\">\n\t\t\t\t\t<div id=\"sliding-text-20604666\" class=\"mb-3 text-center \"><div class=\"d-inline-block\" style=\"max-width:500px;\"><h3 class=\"mb-32 pix-sliding-headline-2 animate-in font-weight-bold secondary-font \" data-anim-type=\"pix-sliding-text\" pix-anim-delay=\"500\" data-class=\"secondary-font text-heading-default\" style=\"\"><span class=\"slide-in-container \"><span class=\"pix-sliding-item secondary-font text-heading-default\" style=\"transition-delay: 0ms;\">\u0130cma&#32;<\/span><\/span> <span class=\"slide-in-container \"><span class=\"pix-sliding-item secondary-font text-heading-default\" style=\"transition-delay: 150ms;\">daxilind\u0259&#32;<\/span><\/span> <span class=\"slide-in-container \"><span class=\"pix-sliding-item secondary-font text-heading-default\" style=\"transition-delay: 300ms;\">inki\u015faf&#32;<\/span><\/span> <span class=\"slide-in-container \"><span class=\"pix-sliding-item secondary-font text-heading-default\" style=\"transition-delay: 450ms;\">etdiril\u0259n&#32;<\/span><\/span> <span class=\"slide-in-container \"><span class=\"pix-sliding-item secondary-font text-heading-default\" style=\"transition-delay: 600ms;\">layih\u0259l\u0259r&#32;<\/span><\/span> <\/h3><\/div><\/div>\t\t\t\t<\/div>\n\t\t\t\t<\/div>\n\t\t\t\t\t<\/div>\n\t\t<\/div>\n\t\t\t\t\t<\/div>\n\t\t<\/section>\n\t\t\t\t<section class=\"elementor-section elementor-top-section elementor-element elementor-element-9f938c4 elementor-section-boxed elementor-section-height-default elementor-section-height-default\" data-id=\"9f938c4\" data-element_type=\"section\" data-e-type=\"section\">\n\t\t\t\t\t\t<div class=\"elementor-container elementor-column-gap-default\">\n\t\t\t\t\t<div class=\"elementor-column elementor-col-33 elementor-top-column elementor-element elementor-element-b6b043b\" data-id=\"b6b043b\" data-element_type=\"column\" data-e-type=\"column\">\n\t\t\t<div class=\"elementor-widget-wrap elementor-element-populated\">\n\t\t\t\t\t\t<section class=\"animate-in elementor-section elementor-inner-section elementor-element elementor-element-f26027b elementor-section-boxed elementor-section-height-default elementor-section-height-default\" data-anim-type=\"fade-in-up\" data-anim-delay=\"0\" data-id=\"f26027b\" data-element_type=\"section\" data-e-type=\"section\">\n\t\t\t\t\t\t<div class=\"elementor-container elementor-column-gap-default\">\n\t\t\t\t\t<div class=\"elementor-column elementor-col-100 elementor-inner-column elementor-element elementor-element-b5256de\" data-id=\"b5256de\" data-element_type=\"column\" data-e-type=\"column\">\n\t\t\t<div class=\"elementor-widget-wrap elementor-element-populated\">\n\t\t\t\t\t\t<div class=\"elementor-element elementor-element-826be58 elementor-widget elementor-widget-pix-img\" data-id=\"826be58\" data-element_type=\"widget\" data-e-type=\"widget\" data-widget_type=\"pix-img.default\">\n\t\t\t\t<div class=\"elementor-widget-container\">\n\t\t\t\t\t<div class=\"d-inline-block \" ><div class=\"pix-img-el    scale-sm center d-inline-block  w-100 rounded-0\"  ><img fetchpriority=\"high\" decoding=\"async\" class=\"card-img2 pix-img-elem rounded-0  h-1002\" style=\"height:auto;\" width=\"500\" height=\"500\" src=\"https:\/\/europecodingschool.com\/wp-content\/uploads\/2023\/12\/ev-fiyati-tahminleme.webp\" alt=\"Image link\" title=\"\"><\/div><\/div>\t\t\t\t<\/div>\n\t\t\t\t<\/div>\n\t\t\t\t<div class=\"elementor-element elementor-element-a5bb332 elementor-widget__width-auto elementor-invisible elementor-widget elementor-widget-pix-badge\" data-id=\"a5bb332\" data-element_type=\"widget\" data-e-type=\"widget\" data-widget_type=\"pix-badge.default\">\n\t\t\t\t<div class=\"elementor-widget-container\">\n\t\t\t\t\t<span class=\"pix-badge-element h6 d-inline-flex mr-1 animate-in\" data-anim-type=\"fade-in-up\" data-anim-delay=\"300\"><span class=\"badge font-weight-bold secondary-font badge-pill bg-green  \" style=\" \"><span class=\"text-white\" style=\"\">\u018fsas<\/span><\/span><\/span>\t\t\t\t<\/div>\n\t\t\t\t<\/div>\n\t\t\t\t<div class=\"elementor-element elementor-element-3836143 elementor-invisible elementor-widget elementor-widget-pix-feature\" data-id=\"3836143\" data-element_type=\"widget\" data-e-type=\"widget\" data-widget_type=\"pix-feature.default\">\n\t\t\t\t<div class=\"elementor-widget-container\">\n\t\t\t\t\t<div id=\"duo-icon-37421644\" class=\"pix-feature-el text-custom \"><h5 class=\"font-weight-bold   text-heading-default animate-in\" style=\"\" data-anim-type=\"fade-in-up\" data-anim-delay=\"150\">Ev Qiym\u0259tl\u0259ri Proqnozu<\/h5><div class=\"text-body-default text-18     animate-in\" style=\"padding-top:10px;\" data-anim-type=\"fade-in-up\" data-anim-delay=\"250\"> Ev qiym\u0259tl\u0259rin\u0259 t\u0259sir ed\u0259n faktorlar\u0131 t\u0259hlil ed\u0259r\u0259k bir model yaratmaq<\/div><\/div>\t\t\t\t<\/div>\n\t\t\t\t<\/div>\n\t\t\t\t\t<\/div>\n\t\t<\/div>\n\t\t\t\t\t<\/div>\n\t\t<\/section>\n\t\t\t\t\t<\/div>\n\t\t<\/div>\n\t\t\t\t<div class=\"elementor-column elementor-col-33 elementor-top-column elementor-element elementor-element-a9b3ee6\" data-id=\"a9b3ee6\" data-element_type=\"column\" data-e-type=\"column\">\n\t\t\t<div class=\"elementor-widget-wrap elementor-element-populated\">\n\t\t\t\t\t\t<section class=\"animate-in elementor-section elementor-inner-section elementor-element elementor-element-bdeb765 elementor-section-boxed elementor-section-height-default elementor-section-height-default\" data-anim-type=\"fade-in-up\" data-anim-delay=\"0\" data-id=\"bdeb765\" data-element_type=\"section\" data-e-type=\"section\">\n\t\t\t\t\t\t<div class=\"elementor-container elementor-column-gap-default\">\n\t\t\t\t\t<div class=\"elementor-column elementor-col-100 elementor-inner-column elementor-element elementor-element-b4e9b34\" data-id=\"b4e9b34\" data-element_type=\"column\" data-e-type=\"column\">\n\t\t\t<div class=\"elementor-widget-wrap elementor-element-populated\">\n\t\t\t\t\t\t<div class=\"elementor-element elementor-element-91dd3f3 elementor-widget elementor-widget-pix-img\" data-id=\"91dd3f3\" data-element_type=\"widget\" data-e-type=\"widget\" data-widget_type=\"pix-img.default\">\n\t\t\t\t<div class=\"elementor-widget-container\">\n\t\t\t\t\t<div class=\"d-inline-block \" ><div class=\"pix-img-el    scale-sm center d-inline-block  w-100 rounded-0\"  ><img decoding=\"async\" class=\"card-img2 pix-img-elem rounded-0  h-1002\" style=\"height:auto;\" width=\"500\" height=\"500\" src=\"https:\/\/europecodingschool.com\/wp-content\/uploads\/2023\/12\/gu\u0308venlik-tespiti.webp\" alt=\"Image link\" title=\"\"><\/div><\/div>\t\t\t\t<\/div>\n\t\t\t\t<\/div>\n\t\t\t\t<div class=\"elementor-element elementor-element-96ba956 elementor-widget__width-auto elementor-invisible elementor-widget elementor-widget-pix-badge\" data-id=\"96ba956\" data-element_type=\"widget\" data-e-type=\"widget\" data-widget_type=\"pix-badge.default\">\n\t\t\t\t<div class=\"elementor-widget-container\">\n\t\t\t\t\t<span class=\"pix-badge-element h6 d-inline-flex mr-1 animate-in\" data-anim-type=\"fade-in-up\" data-anim-delay=\"300\"><span class=\"badge font-weight-bold secondary-font badge-pill bg-yellow  \" style=\" \"><span class=\"text-white\" style=\"\">Orta<\/span><\/span><\/span>\t\t\t\t<\/div>\n\t\t\t\t<\/div>\n\t\t\t\t<div class=\"elementor-element elementor-element-3c9efe7 elementor-invisible elementor-widget elementor-widget-pix-feature\" data-id=\"3c9efe7\" data-element_type=\"widget\" data-e-type=\"widget\" data-widget_type=\"pix-feature.default\">\n\t\t\t\t<div class=\"elementor-widget-container\">\n\t\t\t\t\t<div id=\"duo-icon-174770263\" class=\"pix-feature-el text-custom \"><h5 class=\"font-weight-bold   text-heading-default animate-in\" style=\"\" data-anim-type=\"fade-in-up\" data-anim-delay=\"150\">T\u0259hl\u00fck\u0259sizlik T\u0259hdidl\u0259rinin A\u015fkarlanmas\u0131<\/h5><div class=\"text-body-default text-18     animate-in\" style=\"padding-top:10px;\" data-anim-type=\"fade-in-up\" data-anim-delay=\"250\">\u015e\u0259b\u0259k\u0259 t\u0259hl\u00fck\u0259sizliyi m\u0259lumatlar\u0131n\u0131 t\u0259hlil ed\u0259r\u0259k potensial t\u0259hdidl\u0259ri m\u00fc\u0259yy\u0259n etm\u0259k<\/div><\/div>\t\t\t\t<\/div>\n\t\t\t\t<\/div>\n\t\t\t\t\t<\/div>\n\t\t<\/div>\n\t\t\t\t\t<\/div>\n\t\t<\/section>\n\t\t\t\t\t<\/div>\n\t\t<\/div>\n\t\t\t\t<div class=\"elementor-column elementor-col-33 elementor-top-column elementor-element elementor-element-fe197ea\" data-id=\"fe197ea\" data-element_type=\"column\" data-e-type=\"column\">\n\t\t\t<div class=\"elementor-widget-wrap elementor-element-populated\">\n\t\t\t\t\t\t<section class=\"animate-in elementor-section elementor-inner-section elementor-element elementor-element-0f68f19 elementor-section-boxed elementor-section-height-default elementor-section-height-default\" data-anim-type=\"fade-in-up\" data-anim-delay=\"0\" data-id=\"0f68f19\" data-element_type=\"section\" data-e-type=\"section\">\n\t\t\t\t\t\t<div class=\"elementor-container elementor-column-gap-default\">\n\t\t\t\t\t<div class=\"elementor-column elementor-col-100 elementor-inner-column elementor-element elementor-element-72e39b0\" data-id=\"72e39b0\" data-element_type=\"column\" data-e-type=\"column\">\n\t\t\t<div class=\"elementor-widget-wrap elementor-element-populated\">\n\t\t\t\t\t\t<div class=\"elementor-element elementor-element-09ca0ae elementor-widget elementor-widget-pix-img\" data-id=\"09ca0ae\" data-element_type=\"widget\" data-e-type=\"widget\" data-widget_type=\"pix-img.default\">\n\t\t\t\t<div class=\"elementor-widget-container\">\n\t\t\t\t\t<div class=\"d-inline-block \" ><div class=\"pix-img-el    scale-sm center d-inline-block  w-100 rounded-0\"  ><img decoding=\"async\" class=\"card-img2 pix-img-elem rounded-0  h-1002\" style=\"height:auto;\" width=\"500\" height=\"500\" src=\"https:\/\/europecodingschool.com\/wp-content\/uploads\/2023\/12\/go\u0308ru\u0308ntu\u0308-tanima.webp\" alt=\"Image link\" title=\"\"><\/div><\/div>\t\t\t\t<\/div>\n\t\t\t\t<\/div>\n\t\t\t\t<div class=\"elementor-element elementor-element-d81e014 elementor-widget__width-auto elementor-invisible elementor-widget elementor-widget-pix-badge\" data-id=\"d81e014\" data-element_type=\"widget\" data-e-type=\"widget\" data-widget_type=\"pix-badge.default\">\n\t\t\t\t<div class=\"elementor-widget-container\">\n\t\t\t\t\t<span class=\"pix-badge-element h6 d-inline-flex mr-1 animate-in\" data-anim-type=\"fade-in-up\" data-anim-delay=\"300\"><span class=\"badge font-weight-bold secondary-font badge-pill bg-secondary  \" style=\" \"><span class=\"text-white\" style=\"\">\u00c7\u0259tin<\/span><\/span><\/span>\t\t\t\t<\/div>\n\t\t\t\t<\/div>\n\t\t\t\t<div class=\"elementor-element elementor-element-eea70c7 elementor-invisible elementor-widget elementor-widget-pix-feature\" data-id=\"eea70c7\" data-element_type=\"widget\" data-e-type=\"widget\" data-widget_type=\"pix-feature.default\">\n\t\t\t\t<div class=\"elementor-widget-container\">\n\t\t\t\t\t<div id=\"duo-icon-51344249\" class=\"pix-feature-el text-custom \"><h5 class=\"font-weight-bold   text-heading-default animate-in\" style=\"\" data-anim-type=\"fade-in-up\" data-anim-delay=\"150\">T\u0259kmill\u0259\u015fdirilmi\u015f \u015e\u0259kil Tan\u0131ma<\/h5><div class=\"text-body-default text-18     animate-in\" style=\"padding-top:10px;\" data-anim-type=\"fade-in-up\" data-anim-delay=\"250\">\u015e\u0259kil m\u0259lumatlar\u0131ndan istifad\u0259 ed\u0259r\u0259k obyektl\u0259ri tan\u0131maq<\/div><\/div>\t\t\t\t<\/div>\n\t\t\t\t<\/div>\n\t\t\t\t\t<\/div>\n\t\t<\/div>\n\t\t\t\t\t<\/div>\n\t\t<\/section>\n\t\t\t\t\t<\/div>\n\t\t<\/div>\n\t\t\t\t\t<\/div>\n\t\t<\/section>\n\t\t\t\t<\/div>\n\t\t","protected":false},"excerpt":{"rendered":"<p>S\u00fcni \u0130ntellekt C\u0259miyy\u0259ti N\u0259dir? S\u00fcni \u0130ntellekt C\u0259miyy\u0259ti, s\u00fcni intellekt sah\u0259sind\u0259 maraql\u0131 \u015f\u0259xsl\u0259rin, t\u0259dqiqat\u00e7\u0131lar\u0131n, t\u0259rtibat\u00e7\u0131lar\u0131n v\u0259 h\u0259v\u0259skar f\u0259rdl\u0259rin bir araya g\u0259ldiyi bir c\u0259miyy\u0259tdir. Bu c\u0259miyy\u0259t s\u00fcni intellektl\u0259 ba\u011fl\u0131 m\u00f6vzular\u0131 m\u00fczakir\u0259 etm\u0259k, bilik m\u00fcbadil\u0259si aparmaq, t\u0259cr\u00fcb\u0259l\u0259rini b\u00f6l\u00fc\u015fm\u0259k v\u0259 yeni inki\u015faflar\u0131 izl\u0259m\u0259k m\u0259qs\u0259dil\u0259&#8230;<\/p>\n","protected":false},"author":2,"featured_media":0,"parent":0,"menu_order":0,"comment_status":"closed","ping_status":"closed","template":"","meta":{"footnotes":""},"class_list":["post-15659","page","type-page","status-publish","hentry"],"_links":{"self":[{"href":"https:\/\/europecodingschool.com\/az\/wp-json\/wp\/v2\/pages\/15659","targetHints":{"allow":["GET"]}}],"collection":[{"href":"https:\/\/europecodingschool.com\/az\/wp-json\/wp\/v2\/pages"}],"about":[{"href":"https:\/\/europecodingschool.com\/az\/wp-json\/wp\/v2\/types\/page"}],"author":[{"embeddable":true,"href":"https:\/\/europecodingschool.com\/az\/wp-json\/wp\/v2\/users\/2"}],"replies":[{"embeddable":true,"href":"https:\/\/europecodingschool.com\/az\/wp-json\/wp\/v2\/comments?post=15659"}],"version-history":[{"count":1,"href":"https:\/\/europecodingschool.com\/az\/wp-json\/wp\/v2\/pages\/15659\/revisions"}],"predecessor-version":[{"id":15660,"href":"https:\/\/europecodingschool.com\/az\/wp-json\/wp\/v2\/pages\/15659\/revisions\/15660"}],"wp:attachment":[{"href":"https:\/\/europecodingschool.com\/az\/wp-json\/wp\/v2\/media?parent=15659"}],"curies":[{"name":"wp","href":"https:\/\/api.w.org\/{rel}","templated":true}]}}