{"id":15655,"date":"2023-12-20T11:07:05","date_gmt":"2023-12-20T11:07:05","guid":{"rendered":"https:\/\/europecodingschool.com\/qeymifikasiya-icmasi\/"},"modified":"2025-10-24T21:03:20","modified_gmt":"2025-10-24T21:03:20","slug":"qeymifikasiya-icmasi","status":"publish","type":"page","link":"https:\/\/europecodingschool.com\/az\/qeymifikasiya-icmasi\/","title":{"rendered":"Qeymifikasiya \u0130cmas\u0131"},"content":{"rendered":"\t\t<div data-elementor-type=\"wp-page\" data-elementor-id=\"15655\" class=\"elementor elementor-15655 elementor-14263\" data-elementor-post-type=\"page\">\n\t\t\t\t\t\t<section data-pix-dividers=\"&lt;div class=&quot;pix-divider  position-relative pix-bottom-divider&quot; data-style=&quot;style-8&quot; &gt;&lt;svg xmlns=&quot;http:\/\/www.w3.org\/2000\/svg&quot; width=&quot;100%&quot; height=&quot;300px&quot; viewBox=&quot;0 0 1200 366&quot; preserveAspectRatio=&quot;none&quot;&gt;&lt;g class=&quot;animate-in&quot; data-anim-type=&quot;fade-in-up&quot; data-anim-delay=&quot;300&quot;&gt;&lt;polygon fill=&quot;url(#divider-pix-accordion-284839-bottom-overlay-layer-3)&quot; points=&quot;0 240 1200 0 1200 366 0 366&quot; \/&gt;&lt;\/g&gt;&lt;polygon fill=&quot;#FFFFFF00&quot;  points=&quot;0 300 1200 60 1200 366 0 366&quot; \/&gt;&lt;polygon fill=&quot;#ffffff&quot; points=&quot;0 360 1200 120 1200 366 0 366&quot;\/&gt;&lt;defs&gt;&lt;linearGradient id=&quot;divider-pix-accordion-284839-bottom-overlay-layer-3&quot; x1=&quot;0%&quot; y1=&quot;0%&quot; x2=&quot;100%&quot; y2=&quot;0%&quot;&gt;&lt;stop offset=&quot;0%&quot;   stop-color=&quot;#00000014&quot;\/&gt;&lt;stop offset=&quot;100%&quot;   stop-color=&quot;#FFFFFF03&quot;\/&gt;&lt;\/linearGradient&gt;&lt;\/defs&gt;&lt;\/svg&gt;&lt;\/div&gt;\" class=\"elementor-section elementor-top-section elementor-element elementor-element-1352b82a elementor-section-boxed elementor-section-height-default elementor-section-height-default\" data-id=\"1352b82a\" data-element_type=\"section\" data-e-type=\"section\" data-settings=\"{&quot;background_background&quot;:&quot;classic&quot;}\">\n\t\t\t\t\t\t<div class=\"elementor-container elementor-column-gap-default\">\n\t\t\t\t\t<div class=\"elementor-column elementor-col-50 elementor-top-column elementor-element elementor-element-60938a46\" data-id=\"60938a46\" data-element_type=\"column\" data-e-type=\"column\">\n\t\t\t<div class=\"elementor-widget-wrap elementor-element-populated\">\n\t\t\t\t\t\t<div class=\"elementor-element elementor-element-143e4bcd elementor-widget elementor-widget-pix-highlighted-text\" data-id=\"143e4bcd\" data-element_type=\"widget\" data-e-type=\"widget\" data-widget_type=\"pix-highlighted-text.default\">\n\t\t\t\t<div class=\"elementor-widget-container\">\n\t\t\t\t\t<div id=\"highlighted-text-72439948\" class=\"pix-highlighted-element text-left \"><h2 class=\"pix-highlighted-items \" style=\"\" data-anim-type=\"\" data-anim-delay=\"\"><span id=\"highlighted-text-72439948-0\" class=\" elementor-repeater-item-d38df35\"><span class=\"pix-highlighted-text pix-highlight-item font-weight-normal  heading-font text-heading-default\"><\/span><\/span><span id=\"highlighted-text-72439948-1\" class=\"pix-highlight-bg align-middle2   elementor-repeater-item-b2f5606 highlighted-text-72439948-1 animate-in\" data-anim-type=\"highlight-grow\" data-anim-delay=\"200\"><span class=\"pix-highlighted-text  pix-highlight-item font-weight-normal  font-weight-bold heading-font text-heading-default\">Qeymifikasiya \u0130cmas\u0131 <\/span><\/span><span id=\"highlighted-text-72439948-2\" class=\" elementor-repeater-item-3d6442b\"><span class=\"pix-highlighted-text pix-highlight-item font-weight-normal  heading-font text-heading-default\">N\u0259dir?<\/span><\/span><\/h2><\/div>\t\t\t\t<\/div>\n\t\t\t\t<\/div>\n\t\t\t\t<div class=\"elementor-element elementor-element-5c299c2f elementor-widget elementor-widget-pix-text\" data-id=\"5c299c2f\" data-element_type=\"widget\" data-e-type=\"widget\" data-widget_type=\"pix-text.default\">\n\t\t\t\t<div class=\"elementor-widget-container\">\n\t\t\t\t\t<div class=\"pix-el-text w-100 text-left \" ><p class=\" resp-option text-dark-opacity-5 text-left \" >Qeymifikasiya icmas\u0131, oyunla\u015fd\u0131rma konsepsiyas\u0131na maraq g\u00f6st\u0259r\u0259n f\u0259rdl\u0259rin v\u0259 pe\u015f\u0259karlar\u0131n bir araya g\u0259ldiyi bir c\u0259miyy\u0259tdir. Bu icma, oyun dizayn\u0131, psixologiya, t\u0259hsil, marketinq v\u0259 biznes d\u00fcnyas\u0131 kimi m\u00fcxt\u0259lif sah\u0259l\u0259rd\u0259 oyunla\u015fd\u0131rma texnikalar\u0131n\u0131 v\u0259 strategiyalar\u0131n\u0131 m\u00fczakir\u0259 ed\u0259r\u0259k bilik m\u00fcbadil\u0259sini t\u0259\u015fviq edir. Qeymifikasiya icmas\u0131 t\u0259dbirl\u0259r, seminarlar, onlayn forumlar v\u0259 resurs payla\u015f\u0131m\u0131 kimi vasit\u0259l\u0259rd\u0259n istifad\u0259 ed\u0259r\u0259k \u00fczvl\u0259rini bir araya g\u0259tirir. Bu platforma, oyunla\u015fd\u0131rma yana\u015fmalar\u0131n\u0131 daha effektiv v\u0259 yarad\u0131c\u0131 \u015f\u0259kild\u0259 istifad\u0259 etm\u0259k ist\u0259y\u0259n \u015f\u0259xsl\u0259r\u0259 ilham m\u0259nb\u0259yi olark\u0259n, bu sah\u0259d\u0259 ixtisasla\u015fm\u0131\u015f pe\u015f\u0259karlar\u0131n t\u0259cr\u00fcb\u0259l\u0259rini dig\u0259r \u00fczvl\u0259rl\u0259 b\u00f6l\u00fc\u015fm\u0259sin\u0259 imkan yarad\u0131r. Qeymifikasiya icmas\u0131, oyunla\u015fd\u0131rman\u0131n m\u00fcxt\u0259lif sektorlarda nec\u0259 t\u0259tbiq oluna bil\u0259c\u0259yi bar\u0259d\u0259 f\u0259rqli perspektivl\u0259r t\u0259qdim ed\u0259r\u0259k i\u015ftirak\u00e7\u0131lar\u0131na d\u0259y\u0259rli bir \u00f6yr\u0259nm\u0259 v\u0259 qar\u015f\u0131l\u0131ql\u0131 \u0259laq\u0259 m\u00fchiti t\u0259min edir.    <\/p><\/div>\t\t\t\t<\/div>\n\t\t\t\t<\/div>\n\t\t\t\t<div class=\"elementor-element elementor-element-5de9f782 elementor-widget elementor-widget-pix-text\" data-id=\"5de9f782\" data-element_type=\"widget\" data-e-type=\"widget\" data-widget_type=\"pix-text.default\">\n\t\t\t\t<div class=\"elementor-widget-container\">\n\t\t\t\t\t<div class=\"pix-el-text w-100 text-left \" ><p class=\" resp-option text-dark-opacity-5 text-left font-weight-bold\" >Bu icmaya qo\u015fularaq Qeymifikasiya sah\u0259sind\u0259 bilik v\u0259 s\u0259ri\u015ft\u0259 qazanm\u0131\u015f olacaqs\u0131n\u0131z.<\/p><\/div>\t\t\t\t<\/div>\n\t\t\t\t<\/div>\n\t\t\t\t\t<\/div>\n\t\t<\/div>\n\t\t\t\t<div class=\"elementor-column elementor-col-50 elementor-top-column elementor-element elementor-element-2c83099\" data-id=\"2c83099\" data-element_type=\"column\" data-e-type=\"column\">\n\t\t\t<div class=\"elementor-widget-wrap elementor-element-populated\">\n\t\t\t\t\t\t<div class=\"elementor-element elementor-element-ebf8f41 elementor-invisible elementor-widget elementor-widget-pix-photo-stack\" data-id=\"ebf8f41\" data-element_type=\"widget\" data-e-type=\"widget\" data-widget_type=\"pix-photo-stack.default\">\n\t\t\t\t<div class=\"elementor-widget-container\">\n\t\t\t\t\t<div class=\"pix-photo-stack pix-img-2 \"><div class=\"img-el\" ><div class=\"w-100 pix-bounce-sm pix-duration-slow\"><div class=\"animate-in d-inline-block w-100\" data-anim-type=\"fade-in-up\" data-anim-delay=\"400\"><div class=\"tilt\"><img loading=\"lazy\" decoding=\"async\" width=\"500\" height=\"500\" class=\"pix-lazy rounded-lg shadow-lg shadow-hover-lg scale-sm d-inline-block\" loading=\"lazy\" data-srcset=\"\" src=\"https:\/\/europecodingschool.com\/wp-content\/plugins\/pixfort-core\/functions\/images\/loading.webp\" data-src=\"https:\/\/europecodingschool.com\/wp-content\/uploads\/2023\/12\/oyun-uygulamasi.webp\" alt=\"Stack\" title=\"\"><\/div><\/div><\/div><\/div><div class=\"img-el\" ><div class=\"w-100 pix-bounce-sm pix-duration-slow\"><div class=\"animate-in d-inline-block w-100\" data-anim-type=\"fade-in-up\" data-anim-delay=\"500\"><div class=\"tilt\"><img loading=\"lazy\" decoding=\"async\" width=\"500\" height=\"500\" class=\"pix-lazy rounded-lg shadow-lg shadow-hover-lg scale-sm d-inline-block\" loading=\"lazy\" data-srcset=\"\" src=\"https:\/\/europecodingschool.com\/wp-content\/plugins\/pixfort-core\/functions\/images\/loading.webp\" data-src=\"https:\/\/europecodingschool.com\/wp-content\/uploads\/2023\/12\/is\u0327-su\u0308rec\u0327leri.webp\" alt=\"Stack\" title=\"\"><\/div><\/div><\/div><\/div><\/div>\t\t\t\t<\/div>\n\t\t\t\t<\/div>\n\t\t\t\t\t<\/div>\n\t\t<\/div>\n\t\t\t\t\t<\/div>\n\t\t<\/section>\n\t\t\t\t<section class=\"elementor-section elementor-top-section elementor-element elementor-element-2fe691cb elementor-section-boxed elementor-section-height-default elementor-section-height-default\" data-id=\"2fe691cb\" data-element_type=\"section\" data-e-type=\"section\">\n\t\t\t\t\t\t<div class=\"elementor-container elementor-column-gap-default\">\n\t\t\t\t\t<div class=\"elementor-column elementor-col-100 elementor-top-column elementor-element elementor-element-1b011f78\" data-id=\"1b011f78\" data-element_type=\"column\" data-e-type=\"column\">\n\t\t\t<div class=\"elementor-widget-wrap elementor-element-populated\">\n\t\t\t\t\t\t<div class=\"elementor-element elementor-element-39fd3cb3 elementor-invisible elementor-widget elementor-widget-pix-badge\" data-id=\"39fd3cb3\" data-element_type=\"widget\" data-e-type=\"widget\" data-widget_type=\"pix-badge.default\">\n\t\t\t\t<div class=\"elementor-widget-container\">\n\t\t\t\t\t<div class=\"pix-element-div w-100 text-center\"><span class=\"pix-badge-element h6 d-inline-flex mr-1 animate-in\" data-anim-type=\"fade-in-left\" data-anim-delay=\"600\"><span class=\"badge font-weight-bold bg-gradient-primary-light  \" style=\" \"><span class=\"text-gradient-primary\" style=\"\">Akademik Proqram T\u0259tbiqi T\u0259liml\u0259r<\/span><\/span><\/span><\/div>\t\t\t\t<\/div>\n\t\t\t\t<\/div>\n\t\t\t\t<div class=\"elementor-element elementor-element-dcb54b9 elementor-widget elementor-widget-pix-sliding-text\" data-id=\"dcb54b9\" data-element_type=\"widget\" data-e-type=\"widget\" data-widget_type=\"pix-sliding-text.default\">\n\t\t\t\t<div class=\"elementor-widget-container\">\n\t\t\t\t\t<div id=\"sliding-text-182992458\" class=\"mb-3 text-center \"><div class=\"d-inline-block\" style=\"max-width:500px;\"><h3 class=\"mb-32 pix-sliding-headline-2 animate-in font-weight-bold secondary-font \" data-anim-type=\"pix-sliding-text\" pix-anim-delay=\"500\" data-class=\"secondary-font text-heading-default\" style=\"\"><span class=\"slide-in-container \"><span class=\"pix-sliding-item secondary-font text-heading-default\" style=\"transition-delay: 0ms;\">\u0130cma&#32;<\/span><\/span> <span class=\"slide-in-container \"><span class=\"pix-sliding-item secondary-font text-heading-default\" style=\"transition-delay: 150ms;\">daxilind\u0259&#32;<\/span><\/span> <span class=\"slide-in-container \"><span class=\"pix-sliding-item secondary-font text-heading-default\" style=\"transition-delay: 300ms;\">inki\u015faf&#32;<\/span><\/span> <span class=\"slide-in-container \"><span class=\"pix-sliding-item secondary-font text-heading-default\" style=\"transition-delay: 450ms;\">etdiril\u0259n&#32;<\/span><\/span> <span class=\"slide-in-container \"><span class=\"pix-sliding-item secondary-font text-heading-default\" style=\"transition-delay: 600ms;\">layih\u0259l\u0259r&#32;<\/span><\/span> <\/h3><\/div><\/div>\t\t\t\t<\/div>\n\t\t\t\t<\/div>\n\t\t\t\t\t<\/div>\n\t\t<\/div>\n\t\t\t\t\t<\/div>\n\t\t<\/section>\n\t\t\t\t<section class=\"elementor-section elementor-top-section elementor-element elementor-element-1d0347c3 elementor-section-boxed elementor-section-height-default elementor-section-height-default\" data-id=\"1d0347c3\" data-element_type=\"section\" data-e-type=\"section\">\n\t\t\t\t\t\t<div class=\"elementor-container elementor-column-gap-default\">\n\t\t\t\t\t<div class=\"elementor-column elementor-col-33 elementor-top-column elementor-element elementor-element-5fd1370a\" data-id=\"5fd1370a\" data-element_type=\"column\" data-e-type=\"column\">\n\t\t\t<div class=\"elementor-widget-wrap elementor-element-populated\">\n\t\t\t\t\t\t<section class=\"animate-in elementor-section elementor-inner-section elementor-element elementor-element-212bb669 elementor-section-boxed elementor-section-height-default elementor-section-height-default\" data-anim-type=\"fade-in-up\" data-anim-delay=\"0\" data-id=\"212bb669\" data-element_type=\"section\" data-e-type=\"section\">\n\t\t\t\t\t\t<div class=\"elementor-container elementor-column-gap-default\">\n\t\t\t\t\t<div class=\"elementor-column elementor-col-100 elementor-inner-column elementor-element elementor-element-198a7f1a\" data-id=\"198a7f1a\" data-element_type=\"column\" data-e-type=\"column\">\n\t\t\t<div class=\"elementor-widget-wrap elementor-element-populated\">\n\t\t\t\t\t\t<div class=\"elementor-element elementor-element-6fb28d66 elementor-widget elementor-widget-pix-img\" data-id=\"6fb28d66\" data-element_type=\"widget\" data-e-type=\"widget\" data-widget_type=\"pix-img.default\">\n\t\t\t\t<div class=\"elementor-widget-container\">\n\t\t\t\t\t<div class=\"d-inline-block \" ><div class=\"pix-img-el    scale-sm center d-inline-block  w-100 rounded-0\"  ><img fetchpriority=\"high\" decoding=\"async\" class=\"card-img2 pix-img-elem rounded-0  h-1002\" style=\"height:auto;\" width=\"500\" height=\"500\" src=\"https:\/\/europecodingschool.com\/wp-content\/uploads\/2023\/12\/platform-oyunu.webp\" alt=\"Image link\" title=\"\"><\/div><\/div>\t\t\t\t<\/div>\n\t\t\t\t<\/div>\n\t\t\t\t<div class=\"elementor-element elementor-element-643c4985 elementor-widget__width-auto elementor-invisible elementor-widget elementor-widget-pix-badge\" data-id=\"643c4985\" data-element_type=\"widget\" data-e-type=\"widget\" data-widget_type=\"pix-badge.default\">\n\t\t\t\t<div class=\"elementor-widget-container\">\n\t\t\t\t\t<span class=\"pix-badge-element h6 d-inline-flex mr-1 animate-in\" data-anim-type=\"fade-in-up\" data-anim-delay=\"300\"><span class=\"badge font-weight-bold secondary-font badge-pill bg-green  \" style=\" \"><span class=\"text-white\" style=\"\">\u018fsas<\/span><\/span><\/span>\t\t\t\t<\/div>\n\t\t\t\t<\/div>\n\t\t\t\t<div class=\"elementor-element elementor-element-2a563e58 elementor-invisible elementor-widget elementor-widget-pix-feature\" data-id=\"2a563e58\" data-element_type=\"widget\" data-e-type=\"widget\" data-widget_type=\"pix-feature.default\">\n\t\t\t\t<div class=\"elementor-widget-container\">\n\t\t\t\t\t<div id=\"duo-icon-95200311\" class=\"pix-feature-el text-custom \"><h5 class=\"font-weight-bold   text-heading-default animate-in\" style=\"\" data-anim-type=\"fade-in-up\" data-anim-delay=\"150\">Platforma Oyunu<\/h5><div class=\"text-body-default text-18     animate-in\" style=\"padding-top:10px;\" data-anim-type=\"fade-in-up\" data-anim-delay=\"250\">Xarakterin bir platformadan dig\u0259rin\u0259 ke\u00e7m\u0259li oldu\u011fu bir oyun<\/div><\/div>\t\t\t\t<\/div>\n\t\t\t\t<\/div>\n\t\t\t\t\t<\/div>\n\t\t<\/div>\n\t\t\t\t\t<\/div>\n\t\t<\/section>\n\t\t\t\t\t<\/div>\n\t\t<\/div>\n\t\t\t\t<div class=\"elementor-column elementor-col-33 elementor-top-column elementor-element elementor-element-35f42f30\" data-id=\"35f42f30\" data-element_type=\"column\" data-e-type=\"column\">\n\t\t\t<div class=\"elementor-widget-wrap elementor-element-populated\">\n\t\t\t\t\t\t<section class=\"animate-in elementor-section elementor-inner-section elementor-element elementor-element-19dacb02 elementor-section-boxed elementor-section-height-default elementor-section-height-default\" data-anim-type=\"fade-in-up\" data-anim-delay=\"0\" data-id=\"19dacb02\" data-element_type=\"section\" data-e-type=\"section\">\n\t\t\t\t\t\t<div class=\"elementor-container elementor-column-gap-default\">\n\t\t\t\t\t<div class=\"elementor-column elementor-col-100 elementor-inner-column elementor-element elementor-element-62ee6d26\" data-id=\"62ee6d26\" data-element_type=\"column\" data-e-type=\"column\">\n\t\t\t<div class=\"elementor-widget-wrap elementor-element-populated\">\n\t\t\t\t\t\t<div class=\"elementor-element elementor-element-1ef2b837 elementor-widget elementor-widget-pix-img\" data-id=\"1ef2b837\" data-element_type=\"widget\" data-e-type=\"widget\" data-widget_type=\"pix-img.default\">\n\t\t\t\t<div class=\"elementor-widget-container\">\n\t\t\t\t\t<div class=\"d-inline-block \" ><div class=\"pix-img-el    scale-sm center d-inline-block  w-100 rounded-0\"  ><img decoding=\"async\" class=\"card-img2 pix-img-elem rounded-0  h-1002\" style=\"height:auto;\" width=\"500\" height=\"500\" src=\"https:\/\/europecodingschool.com\/wp-content\/uploads\/2023\/12\/strateji-oyunu.webp\" alt=\"Image link\" title=\"\"><\/div><\/div>\t\t\t\t<\/div>\n\t\t\t\t<\/div>\n\t\t\t\t<div class=\"elementor-element elementor-element-3b677fd9 elementor-widget__width-auto elementor-invisible elementor-widget elementor-widget-pix-badge\" data-id=\"3b677fd9\" data-element_type=\"widget\" data-e-type=\"widget\" data-widget_type=\"pix-badge.default\">\n\t\t\t\t<div class=\"elementor-widget-container\">\n\t\t\t\t\t<span class=\"pix-badge-element h6 d-inline-flex mr-1 animate-in\" data-anim-type=\"fade-in-up\" data-anim-delay=\"300\"><span class=\"badge font-weight-bold secondary-font badge-pill bg-yellow  \" style=\" \"><span class=\"text-white\" style=\"\">Orta<\/span><\/span><\/span>\t\t\t\t<\/div>\n\t\t\t\t<\/div>\n\t\t\t\t<div class=\"elementor-element elementor-element-1808956 elementor-invisible elementor-widget elementor-widget-pix-feature\" data-id=\"1808956\" data-element_type=\"widget\" data-e-type=\"widget\" data-widget_type=\"pix-feature.default\">\n\t\t\t\t<div class=\"elementor-widget-container\">\n\t\t\t\t\t<div id=\"duo-icon-109520228\" class=\"pix-feature-el text-custom \"><h5 class=\"font-weight-bold   text-heading-default animate-in\" style=\"\" data-anim-type=\"fade-in-up\" data-anim-delay=\"150\">Strategiya Oyunu<\/h5><div class=\"text-body-default text-18     animate-in\" style=\"padding-top:10px;\" data-anim-type=\"fade-in-up\" data-anim-delay=\"250\">Resurs idar\u0259etm\u0259si, strateji planla\u015fd\u0131rma v\u0259 d\u00fc\u015fm\u0259nl\u0259rl\u0259 d\u00f6y\u00fc\u015f elementl\u0259rini \u0259hat\u0259 ed\u0259n bir oyun<\/div><\/div>\t\t\t\t<\/div>\n\t\t\t\t<\/div>\n\t\t\t\t\t<\/div>\n\t\t<\/div>\n\t\t\t\t\t<\/div>\n\t\t<\/section>\n\t\t\t\t\t<\/div>\n\t\t<\/div>\n\t\t\t\t<div class=\"elementor-column elementor-col-33 elementor-top-column elementor-element elementor-element-75457780\" data-id=\"75457780\" data-element_type=\"column\" data-e-type=\"column\">\n\t\t\t<div class=\"elementor-widget-wrap elementor-element-populated\">\n\t\t\t\t\t\t<section class=\"animate-in elementor-section elementor-inner-section elementor-element elementor-element-4e2cc29a elementor-section-boxed elementor-section-height-default elementor-section-height-default\" data-anim-type=\"fade-in-up\" data-anim-delay=\"0\" data-id=\"4e2cc29a\" data-element_type=\"section\" data-e-type=\"section\">\n\t\t\t\t\t\t<div class=\"elementor-container elementor-column-gap-default\">\n\t\t\t\t\t<div class=\"elementor-column elementor-col-100 elementor-inner-column elementor-element elementor-element-407b323e\" data-id=\"407b323e\" data-element_type=\"column\" data-e-type=\"column\">\n\t\t\t<div class=\"elementor-widget-wrap elementor-element-populated\">\n\t\t\t\t\t\t<div class=\"elementor-element elementor-element-75499335 elementor-widget elementor-widget-pix-img\" data-id=\"75499335\" data-element_type=\"widget\" data-e-type=\"widget\" data-widget_type=\"pix-img.default\">\n\t\t\t\t<div class=\"elementor-widget-container\">\n\t\t\t\t\t<div class=\"d-inline-block \" ><div class=\"pix-img-el    scale-sm center d-inline-block  w-100 rounded-0\"  ><img decoding=\"async\" class=\"card-img2 pix-img-elem rounded-0  h-1002\" style=\"height:auto;\" width=\"500\" height=\"500\" src=\"https:\/\/europecodingschool.com\/wp-content\/uploads\/2023\/12\/simu\u0308lasyon-oyunu.webp\" alt=\"Image link\" title=\"\"><\/div><\/div>\t\t\t\t<\/div>\n\t\t\t\t<\/div>\n\t\t\t\t<div class=\"elementor-element elementor-element-4d1dd186 elementor-widget__width-auto elementor-invisible elementor-widget elementor-widget-pix-badge\" data-id=\"4d1dd186\" data-element_type=\"widget\" data-e-type=\"widget\" data-widget_type=\"pix-badge.default\">\n\t\t\t\t<div class=\"elementor-widget-container\">\n\t\t\t\t\t<span class=\"pix-badge-element h6 d-inline-flex mr-1 animate-in\" data-anim-type=\"fade-in-up\" data-anim-delay=\"300\"><span class=\"badge font-weight-bold secondary-font badge-pill bg-secondary  \" style=\" \"><span class=\"text-white\" style=\"\">\u00c7\u0259tin<\/span><\/span><\/span>\t\t\t\t<\/div>\n\t\t\t\t<\/div>\n\t\t\t\t<div class=\"elementor-element elementor-element-6b4472a elementor-invisible elementor-widget elementor-widget-pix-feature\" data-id=\"6b4472a\" data-element_type=\"widget\" data-e-type=\"widget\" data-widget_type=\"pix-feature.default\">\n\t\t\t\t<div class=\"elementor-widget-container\">\n\t\t\t\t\t<div id=\"duo-icon-66796185\" class=\"pix-feature-el text-custom \"><h5 class=\"font-weight-bold   text-heading-default animate-in\" style=\"\" data-anim-type=\"fade-in-up\" data-anim-delay=\"150\">Simulyasiya Oyunu<\/h5><div class=\"text-body-default text-18     animate-in\" style=\"padding-top:10px;\" data-anim-type=\"fade-in-up\" data-anim-delay=\"250\">M\u00fc\u0259yy\u0259n bir konsepsiya \u0259sas\u0131nda simulyasiya oyunu dizayn etm\u0259k<\/div><\/div>\t\t\t\t<\/div>\n\t\t\t\t<\/div>\n\t\t\t\t\t<\/div>\n\t\t<\/div>\n\t\t\t\t\t<\/div>\n\t\t<\/section>\n\t\t\t\t\t<\/div>\n\t\t<\/div>\n\t\t\t\t\t<\/div>\n\t\t<\/section>\n\t\t\t\t<\/div>\n\t\t","protected":false},"excerpt":{"rendered":"<p>Qeymifikasiya \u0130cmas\u0131 N\u0259dir? Qeymifikasiya icmas\u0131, oyunla\u015fd\u0131rma konsepsiyas\u0131na maraq g\u00f6st\u0259r\u0259n f\u0259rdl\u0259rin v\u0259 pe\u015f\u0259karlar\u0131n bir araya g\u0259ldiyi bir c\u0259miyy\u0259tdir. Bu icma, oyun dizayn\u0131, psixologiya, t\u0259hsil, marketinq v\u0259 biznes d\u00fcnyas\u0131 kimi m\u00fcxt\u0259lif sah\u0259l\u0259rd\u0259 oyunla\u015fd\u0131rma texnikalar\u0131n\u0131 v\u0259 strategiyalar\u0131n\u0131 m\u00fczakir\u0259 ed\u0259r\u0259k bilik m\u00fcbadil\u0259sini t\u0259\u015fviq edir&#8230;.<\/p>\n","protected":false},"author":2,"featured_media":0,"parent":0,"menu_order":0,"comment_status":"closed","ping_status":"closed","template":"","meta":{"footnotes":""},"class_list":["post-15655","page","type-page","status-publish","hentry"],"_links":{"self":[{"href":"https:\/\/europecodingschool.com\/az\/wp-json\/wp\/v2\/pages\/15655","targetHints":{"allow":["GET"]}}],"collection":[{"href":"https:\/\/europecodingschool.com\/az\/wp-json\/wp\/v2\/pages"}],"about":[{"href":"https:\/\/europecodingschool.com\/az\/wp-json\/wp\/v2\/types\/page"}],"author":[{"embeddable":true,"href":"https:\/\/europecodingschool.com\/az\/wp-json\/wp\/v2\/users\/2"}],"replies":[{"embeddable":true,"href":"https:\/\/europecodingschool.com\/az\/wp-json\/wp\/v2\/comments?post=15655"}],"version-history":[{"count":1,"href":"https:\/\/europecodingschool.com\/az\/wp-json\/wp\/v2\/pages\/15655\/revisions"}],"predecessor-version":[{"id":15656,"href":"https:\/\/europecodingschool.com\/az\/wp-json\/wp\/v2\/pages\/15655\/revisions\/15656"}],"wp:attachment":[{"href":"https:\/\/europecodingschool.com\/az\/wp-json\/wp\/v2\/media?parent=15655"}],"curies":[{"name":"wp","href":"https:\/\/api.w.org\/{rel}","templated":true}]}}